{"id":42701,"date":"2021-06-26T16:48:02","date_gmt":"2021-06-26T16:48:02","guid":{"rendered":"http:\/\/hirelabas.lt\/?page_id=42701"},"modified":"2021-10-06T16:36:00","modified_gmt":"2021-10-06T13:36:00","slug":"hirelabas-group-titulni-stranka","status":"publish","type":"page","link":"https:\/\/hirelabas.lt\/cs\/","title":{"rendered":"HireLabas Group &#8211; Tituln\u00ed str\u00e1nka"},"content":{"rendered":"<h4>N\u00e1bor zam\u011bstnanc\u016f z Ukrajiny. Zam\u011bstnanci z Ukrajiny<\/h4>\n<p>M\u00e1te z\u00e1jem o zam\u011bstnance z Ukrajiny? Pom\u016f\u017eeme v\u00e1m s jejich n\u00e1borem a vy\u0159\u00edzen\u00edm pot\u0159ebn\u00fdch pracovn\u00edch povolen\u00ed.<\/p>\n","protected":false},"excerpt":{"rendered":"<p>N\u00e1bor zam\u011bstnanc\u016f z Ukrajiny. Zam\u011bstnanci z Ukrajiny M\u00e1te z\u00e1jem o zam\u011bstnance z Ukrajiny? Pom\u016f\u017eeme v\u00e1m s jejich n\u00e1borem a vy\u0159\u00edzen\u00edm pot\u0159ebn\u00fdch pracovn\u00edch povolen\u00ed.<\/p>\n","protected":false},"author":1,"featured_media":0,"parent":0,"menu_order":0,"comment_status":"closed","ping_status":"closed","template":"pagrindinis-template.php","meta":{"_acf_changed":false,"footnotes":""},"class_list":["post-42701","page","type-page","status-publish","hentry"],"acf":[],"yoast_head":"<!-- This site is optimized with the Yoast SEO Premium plugin v27.1 (Yoast SEO v27.5) - https:\/\/yoast.com\/product\/yoast-seo-premium-wordpress\/ -->\n<title>N\u00e1bor zam\u011bstnanc\u016f z Ukrajiny - pom\u016f\u017eeme s realizac\u00ed HireLabas Group<\/title>\n<meta name=\"description\" content=\"N\u00e1bor zam\u011bstnanc\u016f z Ukrajiny - M\u00e1te z\u00e1jem o zam\u011bstnance z Ukrajiny? Pom\u016f\u017eeme v\u00e1m s jejich n\u00e1borem a vy\u0159\u00edzen\u00edm pot\u0159ebn\u00fdch pracovn\u00edch povolen\u00ed.\" \/>\n<meta name=\"robots\" content=\"index, follow, max-snippet:-1, max-image-preview:large, max-video-preview:-1\" \/>\n<link rel=\"canonical\" href=\"https:\/\/hirelabas.lt\/cs\/\" \/>\n<meta property=\"og:locale\" content=\"cs_CZ\" \/>\n<meta property=\"og:type\" content=\"article\" \/>\n<meta property=\"og:title\" content=\"HireLabas Group - Tituln\u00ed str\u00e1nka\" \/>\n<meta property=\"og:description\" content=\"N\u00e1bor zam\u011bstnanc\u016f z Ukrajiny - M\u00e1te z\u00e1jem o zam\u011bstnance z Ukrajiny? Pom\u016f\u017eeme v\u00e1m s jejich n\u00e1borem a vy\u0159\u00edzen\u00edm pot\u0159ebn\u00fdch pracovn\u00edch povolen\u00ed.\" \/>\n<meta property=\"og:url\" content=\"https:\/\/hirelabas.lt\/cs\/\" \/>\n<meta property=\"og:site_name\" content=\"HireLabas group\" \/>\n<meta property=\"article:modified_time\" content=\"2021-10-06T13:36:00+00:00\" \/>\n<meta property=\"og:image\" content=\"https:\/\/hirelabas.lt\/wp-content\/uploads\/2021\/10\/hirelabas-group.png\" \/>\n\t<meta property=\"og:image:width\" content=\"600\" \/>\n\t<meta property=\"og:image:height\" content=\"500\" \/>\n\t<meta property=\"og:image:type\" content=\"image\/png\" \/>\n<meta name=\"twitter:card\" content=\"summary_large_image\" \/>\n<script type=\"application\/ld+json\" class=\"yoast-schema-graph\">{\"@context\":\"https:\\\/\\\/schema.org\",\"@graph\":[{\"@type\":\"WebPage\",\"@id\":\"https:\\\/\\\/hirelabas.lt\\\/cs\\\/\",\"url\":\"https:\\\/\\\/hirelabas.lt\\\/cs\\\/\",\"name\":\"N\u00e1bor zam\u011bstnanc\u016f z Ukrajiny - pom\u016f\u017eeme s realizac\u00ed HireLabas Group\",\"isPartOf\":{\"@id\":\"https:\\\/\\\/hirelabas.lt\\\/#website\"},\"datePublished\":\"2021-06-26T16:48:02+00:00\",\"dateModified\":\"2021-10-06T13:36:00+00:00\",\"description\":\"N\u00e1bor zam\u011bstnanc\u016f z Ukrajiny - M\u00e1te z\u00e1jem o zam\u011bstnance z Ukrajiny? Pom\u016f\u017eeme v\u00e1m s jejich n\u00e1borem a vy\u0159\u00edzen\u00edm pot\u0159ebn\u00fdch pracovn\u00edch povolen\u00ed.\",\"breadcrumb\":{\"@id\":\"https:\\\/\\\/hirelabas.lt\\\/cs\\\/#breadcrumb\"},\"inLanguage\":\"cs\",\"potentialAction\":[{\"@type\":\"ReadAction\",\"target\":[\"https:\\\/\\\/hirelabas.lt\\\/cs\\\/\"]}]},{\"@type\":\"BreadcrumbList\",\"@id\":\"https:\\\/\\\/hirelabas.lt\\\/cs\\\/#breadcrumb\",\"itemListElement\":[{\"@type\":\"ListItem\",\"position\":1,\"name\":\"Home\",\"item\":\"https:\\\/\\\/hirelabas.lt\\\/cs\\\/\"},{\"@type\":\"ListItem\",\"position\":2,\"name\":\"HireLabas Group &#8211; Tituln\u00ed str\u00e1nka\"}]},{\"@type\":\"WebSite\",\"@id\":\"https:\\\/\\\/hirelabas.lt\\\/#website\",\"url\":\"https:\\\/\\\/hirelabas.lt\\\/\",\"name\":\"HireLabas group\",\"description\":\"\",\"publisher\":{\"@id\":\"https:\\\/\\\/hirelabas.lt\\\/#organization\"},\"potentialAction\":[{\"@type\":\"SearchAction\",\"target\":{\"@type\":\"EntryPoint\",\"urlTemplate\":\"https:\\\/\\\/hirelabas.lt\\\/?s={search_term_string}\"},\"query-input\":{\"@type\":\"PropertyValueSpecification\",\"valueRequired\":true,\"valueName\":\"search_term_string\"}}],\"inLanguage\":\"cs\"},{\"@type\":\"Organization\",\"@id\":\"https:\\\/\\\/hirelabas.lt\\\/#organization\",\"name\":\"HireLabas group\",\"url\":\"https:\\\/\\\/hirelabas.lt\\\/\",\"logo\":{\"@type\":\"ImageObject\",\"inLanguage\":\"cs\",\"@id\":\"https:\\\/\\\/hirelabas.lt\\\/#\\\/schema\\\/logo\\\/image\\\/\",\"url\":\"https:\\\/\\\/hirelabas.lt\\\/wp-content\\\/uploads\\\/2021\\\/05\\\/hirelabas-grupe-lt-300x203-1.png\",\"contentUrl\":\"https:\\\/\\\/hirelabas.lt\\\/wp-content\\\/uploads\\\/2021\\\/05\\\/hirelabas-grupe-lt-300x203-1.png\",\"width\":300,\"height\":203,\"caption\":\"HireLabas group\"},\"image\":{\"@id\":\"https:\\\/\\\/hirelabas.lt\\\/#\\\/schema\\\/logo\\\/image\\\/\"}}]}<\/script>\n<!-- \/ Yoast SEO Premium plugin. -->","yoast_head_json":{"title":"N\u00e1bor zam\u011bstnanc\u016f z Ukrajiny - pom\u016f\u017eeme s realizac\u00ed HireLabas Group","description":"N\u00e1bor zam\u011bstnanc\u016f z Ukrajiny - M\u00e1te z\u00e1jem o zam\u011bstnance z Ukrajiny? Pom\u016f\u017eeme v\u00e1m s jejich n\u00e1borem a vy\u0159\u00edzen\u00edm pot\u0159ebn\u00fdch pracovn\u00edch povolen\u00ed.","robots":{"index":"index","follow":"follow","max-snippet":"max-snippet:-1","max-image-preview":"max-image-preview:large","max-video-preview":"max-video-preview:-1"},"canonical":"https:\/\/hirelabas.lt\/cs\/","og_locale":"cs_CZ","og_type":"article","og_title":"HireLabas Group - Tituln\u00ed str\u00e1nka","og_description":"N\u00e1bor zam\u011bstnanc\u016f z Ukrajiny - M\u00e1te z\u00e1jem o zam\u011bstnance z Ukrajiny? Pom\u016f\u017eeme v\u00e1m s jejich n\u00e1borem a vy\u0159\u00edzen\u00edm pot\u0159ebn\u00fdch pracovn\u00edch povolen\u00ed.","og_url":"https:\/\/hirelabas.lt\/cs\/","og_site_name":"HireLabas group","article_modified_time":"2021-10-06T13:36:00+00:00","og_image":[{"width":600,"height":500,"url":"https:\/\/hirelabas.lt\/wp-content\/uploads\/2021\/10\/hirelabas-group.png","type":"image\/png"}],"twitter_card":"summary_large_image","schema":{"@context":"https:\/\/schema.org","@graph":[{"@type":"WebPage","@id":"https:\/\/hirelabas.lt\/cs\/","url":"https:\/\/hirelabas.lt\/cs\/","name":"N\u00e1bor zam\u011bstnanc\u016f z Ukrajiny - pom\u016f\u017eeme s realizac\u00ed HireLabas Group","isPartOf":{"@id":"https:\/\/hirelabas.lt\/#website"},"datePublished":"2021-06-26T16:48:02+00:00","dateModified":"2021-10-06T13:36:00+00:00","description":"N\u00e1bor zam\u011bstnanc\u016f z Ukrajiny - M\u00e1te z\u00e1jem o zam\u011bstnance z Ukrajiny? Pom\u016f\u017eeme v\u00e1m s jejich n\u00e1borem a vy\u0159\u00edzen\u00edm pot\u0159ebn\u00fdch pracovn\u00edch povolen\u00ed.","breadcrumb":{"@id":"https:\/\/hirelabas.lt\/cs\/#breadcrumb"},"inLanguage":"cs","potentialAction":[{"@type":"ReadAction","target":["https:\/\/hirelabas.lt\/cs\/"]}]},{"@type":"BreadcrumbList","@id":"https:\/\/hirelabas.lt\/cs\/#breadcrumb","itemListElement":[{"@type":"ListItem","position":1,"name":"Home","item":"https:\/\/hirelabas.lt\/cs\/"},{"@type":"ListItem","position":2,"name":"HireLabas Group &#8211; Tituln\u00ed str\u00e1nka"}]},{"@type":"WebSite","@id":"https:\/\/hirelabas.lt\/#website","url":"https:\/\/hirelabas.lt\/","name":"HireLabas group","description":"","publisher":{"@id":"https:\/\/hirelabas.lt\/#organization"},"potentialAction":[{"@type":"SearchAction","target":{"@type":"EntryPoint","urlTemplate":"https:\/\/hirelabas.lt\/?s={search_term_string}"},"query-input":{"@type":"PropertyValueSpecification","valueRequired":true,"valueName":"search_term_string"}}],"inLanguage":"cs"},{"@type":"Organization","@id":"https:\/\/hirelabas.lt\/#organization","name":"HireLabas group","url":"https:\/\/hirelabas.lt\/","logo":{"@type":"ImageObject","inLanguage":"cs","@id":"https:\/\/hirelabas.lt\/#\/schema\/logo\/image\/","url":"https:\/\/hirelabas.lt\/wp-content\/uploads\/2021\/05\/hirelabas-grupe-lt-300x203-1.png","contentUrl":"https:\/\/hirelabas.lt\/wp-content\/uploads\/2021\/05\/hirelabas-grupe-lt-300x203-1.png","width":300,"height":203,"caption":"HireLabas group"},"image":{"@id":"https:\/\/hirelabas.lt\/#\/schema\/logo\/image\/"}}]}},"_links":{"self":[{"href":"https:\/\/hirelabas.lt\/cs\/wp-json\/wp\/v2\/pages\/42701","targetHints":{"allow":["GET"]}}],"collection":[{"href":"https:\/\/hirelabas.lt\/cs\/wp-json\/wp\/v2\/pages"}],"about":[{"href":"https:\/\/hirelabas.lt\/cs\/wp-json\/wp\/v2\/types\/page"}],"author":[{"embeddable":true,"href":"https:\/\/hirelabas.lt\/cs\/wp-json\/wp\/v2\/users\/1"}],"replies":[{"embeddable":true,"href":"https:\/\/hirelabas.lt\/cs\/wp-json\/wp\/v2\/comments?post=42701"}],"version-history":[{"count":3,"href":"https:\/\/hirelabas.lt\/cs\/wp-json\/wp\/v2\/pages\/42701\/revisions"}],"predecessor-version":[{"id":43022,"href":"https:\/\/hirelabas.lt\/cs\/wp-json\/wp\/v2\/pages\/42701\/revisions\/43022"}],"wp:attachment":[{"href":"https:\/\/hirelabas.lt\/cs\/wp-json\/wp\/v2\/media?parent=42701"}],"curies":[{"name":"wp","href":"https:\/\/api.w.org\/{rel}","templated":true}]}}