{"id":42737,"date":"2021-06-26T16:56:12","date_gmt":"2021-06-26T16:56:12","guid":{"rendered":"http:\/\/hirelabas.lt\/?page_id=42737"},"modified":"2021-10-06T16:37:45","modified_gmt":"2021-10-06T13:37:45","slug":"o-spolecnosti","status":"publish","type":"page","link":"https:\/\/hirelabas.lt\/cs\/o-spolecnosti\/","title":{"rendered":"O spole\u010dnosti"},"content":{"rendered":"<h2>Vyhled\u00e1n\u00ed person\u00e1lu, vyhled\u00e1n\u00ed pracovn\u00edk\u016f z Ukrajiny v\u00fdb\u011br person\u00e1lu.<\/h2>\n<h2>Profesion\u00e1ln\u00ed slu\u017eby. U\u0161et\u0159ete s n\u00e1mi \u010das i pen\u00edze.<\/h2>\n<p>Jsme modern\u00ed skupina zab\u00fdvaj\u00edc\u00ed se vyhled\u00e1v\u00e1n\u00edm a v\u00fdb\u011brem person\u00e1lu, poskytuj\u00edc\u00ed slu\u017eby v cel\u00e9 Evrop\u011b. S\u00eddl\u00edme v Litv\u011b, N\u011bmecku a na Ukrajin\u011b. Fungujeme ji\u017e mnoho let, tak\u017ee velmi dob\u0159e ch\u00e1peme pot\u0159eby trhu. Na\u0161\u00edm c\u00edlem je zprost\u0159edkovat pracovn\u00ed vztahy. Pom\u00e1h\u00e1me firm\u00e1m naj\u00edt zam\u011bstnance, kte\u0159\u00ed spl\u0148uj\u00ed jejich po\u017eadavky, a poskytujeme zam\u011bstnanc\u016fm dobr\u00e9 a spolehliv\u00e9 zam\u011bstn\u00e1n\u00ed.<\/p>\n<ul>\n<li>V\u00fdb\u011br zam\u011bstnanc\u016f prov\u00e1d\u00edme v Litv\u011b a na Ukrajin\u011b.<\/li>\n<li>M\u00e1me zku\u0161enosti z nejr\u016fzn\u011bj\u0161\u00edch obor\u016f: stavebnictv\u00ed, zem\u011bd\u011blstv\u00ed, t\u011b\u017ek\u00e9ho a lehk\u00e9ho pr\u016fmyslu a logistiky.<\/li>\n<li>Slu\u017eby vyhled\u00e1v\u00e1n\u00ed a v\u00fdb\u011bru person\u00e1lu \u0161et\u0159\u00ed v\u00e1\u0161 \u010das a pen\u00edze.<\/li>\n<li>Poskytujeme na\u0161im klient\u016fm flexibilitu p\u0159i spr\u00e1v\u011b lidsk\u00fdch zdroj\u016f.<\/li>\n<li>Profesion\u00e1ln\u00ed t\u00fdm zodpov\u00ed v\u0161echny va\u0161e ot\u00e1zky.<\/li>\n<li>Pom\u00e1h\u00e1me mal\u00fdm i velk\u00fdm spole\u010dnostem.<\/li>\n<\/ul>\n","protected":false},"excerpt":{"rendered":"<p>Vyhled\u00e1n\u00ed person\u00e1lu, vyhled\u00e1n\u00ed pracovn\u00edk\u016f z Ukrajiny v\u00fdb\u011br person\u00e1lu. Profesion\u00e1ln\u00ed slu\u017eby. U\u0161et\u0159ete s n\u00e1mi \u010das i pen\u00edze. Jsme modern\u00ed skupina zab\u00fdvaj\u00edc\u00ed se vyhled\u00e1v\u00e1n\u00edm a v\u00fdb\u011brem person\u00e1lu, poskytuj\u00edc\u00ed slu\u017eby v cel\u00e9 Evrop\u011b. S\u00eddl\u00edme v Litv\u011b, N\u011bmecku a na Ukrajin\u011b. Fungujeme ji\u017e mnoho let, tak\u017ee velmi dob\u0159e ch\u00e1peme pot\u0159eby trhu. Na\u0161\u00edm c\u00edlem je zprost\u0159edkovat pracovn\u00ed vztahy. Pom\u00e1h\u00e1me firm\u00e1m [&hellip;]<\/p>\n","protected":false},"author":1,"featured_media":42751,"parent":0,"menu_order":0,"comment_status":"closed","ping_status":"closed","template":"apie-mus-full-template.php","meta":{"_acf_changed":false,"footnotes":""},"class_list":["post-42737","page","type-page","status-publish","has-post-thumbnail","hentry"],"acf":[],"yoast_head":"<!-- This site is optimized with the Yoast SEO Premium plugin v27.1 (Yoast SEO v27.5) - https:\/\/yoast.com\/product\/yoast-seo-premium-wordpress\/ -->\n<title>Vyhled\u00e1n\u00ed person\u00e1lu, vyhled\u00e1n\u00ed pracovn\u00edk\u016f z Ukrajiny - v\u00fdb\u011br person\u00e1lu<\/title>\n<meta name=\"description\" content=\"Vyhled\u00e1n\u00ed person\u00e1lu, vyhled\u00e1n\u00ed pracovn\u00edk\u016f z Ukrajiny - v\u00fdb\u011br person\u00e1lu. Profesion\u00e1ln\u00ed slu\u017eby. U\u0161et\u0159ete s\u00a0n\u00e1mi \u010das i pen\u00edze HireLabas Group\" \/>\n<meta name=\"robots\" content=\"index, follow, max-snippet:-1, max-image-preview:large, max-video-preview:-1\" \/>\n<link rel=\"canonical\" href=\"https:\/\/hirelabas.lt\/cs\/o-spolecnosti\/\" \/>\n<meta property=\"og:locale\" content=\"cs_CZ\" \/>\n<meta property=\"og:type\" content=\"article\" \/>\n<meta property=\"og:title\" content=\"O spole\u010dnosti\" \/>\n<meta property=\"og:description\" content=\"Vyhled\u00e1n\u00ed person\u00e1lu, vyhled\u00e1n\u00ed pracovn\u00edk\u016f z Ukrajiny - v\u00fdb\u011br person\u00e1lu. Profesion\u00e1ln\u00ed slu\u017eby. U\u0161et\u0159ete s\u00a0n\u00e1mi \u010das i pen\u00edze HireLabas Group\" \/>\n<meta property=\"og:url\" content=\"https:\/\/hirelabas.lt\/cs\/o-spolecnosti\/\" \/>\n<meta property=\"og:site_name\" content=\"HireLabas group\" \/>\n<meta property=\"article:modified_time\" content=\"2021-10-06T13:37:45+00:00\" \/>\n<meta property=\"og:image\" content=\"https:\/\/hirelabas.lt\/wp-content\/uploads\/2021\/06\/hirelabas-vertybiu-sistema-cz-1.png\" \/>\n\t<meta property=\"og:image:width\" content=\"1170\" \/>\n\t<meta property=\"og:image:height\" content=\"800\" \/>\n\t<meta property=\"og:image:type\" content=\"image\/png\" \/>\n<meta name=\"twitter:card\" content=\"summary_large_image\" \/>\n<meta name=\"twitter:label1\" content=\"Odhadovan\u00e1 doba \u010dten\u00ed\" \/>\n\t<meta name=\"twitter:data1\" content=\"1 minuta\" \/>\n<script type=\"application\/ld+json\" class=\"yoast-schema-graph\">{\"@context\":\"https:\\\/\\\/schema.org\",\"@graph\":[{\"@type\":\"WebPage\",\"@id\":\"https:\\\/\\\/hirelabas.lt\\\/cs\\\/o-spolecnosti\\\/\",\"url\":\"https:\\\/\\\/hirelabas.lt\\\/cs\\\/o-spolecnosti\\\/\",\"name\":\"Vyhled\u00e1n\u00ed person\u00e1lu, vyhled\u00e1n\u00ed pracovn\u00edk\u016f z Ukrajiny - v\u00fdb\u011br person\u00e1lu\",\"isPartOf\":{\"@id\":\"https:\\\/\\\/hirelabas.lt\\\/#website\"},\"primaryImageOfPage\":{\"@id\":\"https:\\\/\\\/hirelabas.lt\\\/cs\\\/o-spolecnosti\\\/#primaryimage\"},\"image\":{\"@id\":\"https:\\\/\\\/hirelabas.lt\\\/cs\\\/o-spolecnosti\\\/#primaryimage\"},\"thumbnailUrl\":\"https:\\\/\\\/hirelabas.lt\\\/wp-content\\\/uploads\\\/2021\\\/06\\\/hirelabas-vertybiu-sistema-cz-1.png\",\"datePublished\":\"2021-06-26T16:56:12+00:00\",\"dateModified\":\"2021-10-06T13:37:45+00:00\",\"description\":\"Vyhled\u00e1n\u00ed person\u00e1lu, vyhled\u00e1n\u00ed pracovn\u00edk\u016f z Ukrajiny - v\u00fdb\u011br person\u00e1lu. Profesion\u00e1ln\u00ed slu\u017eby. U\u0161et\u0159ete s\u00a0n\u00e1mi \u010das i pen\u00edze HireLabas Group\",\"breadcrumb\":{\"@id\":\"https:\\\/\\\/hirelabas.lt\\\/cs\\\/o-spolecnosti\\\/#breadcrumb\"},\"inLanguage\":\"cs\",\"potentialAction\":[{\"@type\":\"ReadAction\",\"target\":[\"https:\\\/\\\/hirelabas.lt\\\/cs\\\/o-spolecnosti\\\/\"]}]},{\"@type\":\"ImageObject\",\"inLanguage\":\"cs\",\"@id\":\"https:\\\/\\\/hirelabas.lt\\\/cs\\\/o-spolecnosti\\\/#primaryimage\",\"url\":\"https:\\\/\\\/hirelabas.lt\\\/wp-content\\\/uploads\\\/2021\\\/06\\\/hirelabas-vertybiu-sistema-cz-1.png\",\"contentUrl\":\"https:\\\/\\\/hirelabas.lt\\\/wp-content\\\/uploads\\\/2021\\\/06\\\/hirelabas-vertybiu-sistema-cz-1.png\",\"width\":1170,\"height\":800},{\"@type\":\"BreadcrumbList\",\"@id\":\"https:\\\/\\\/hirelabas.lt\\\/cs\\\/o-spolecnosti\\\/#breadcrumb\",\"itemListElement\":[{\"@type\":\"ListItem\",\"position\":1,\"name\":\"Home\",\"item\":\"https:\\\/\\\/hirelabas.lt\\\/cs\\\/\"},{\"@type\":\"ListItem\",\"position\":2,\"name\":\"O spole\u010dnosti\"}]},{\"@type\":\"WebSite\",\"@id\":\"https:\\\/\\\/hirelabas.lt\\\/#website\",\"url\":\"https:\\\/\\\/hirelabas.lt\\\/\",\"name\":\"HireLabas group\",\"description\":\"\",\"publisher\":{\"@id\":\"https:\\\/\\\/hirelabas.lt\\\/#organization\"},\"potentialAction\":[{\"@type\":\"SearchAction\",\"target\":{\"@type\":\"EntryPoint\",\"urlTemplate\":\"https:\\\/\\\/hirelabas.lt\\\/?s={search_term_string}\"},\"query-input\":{\"@type\":\"PropertyValueSpecification\",\"valueRequired\":true,\"valueName\":\"search_term_string\"}}],\"inLanguage\":\"cs\"},{\"@type\":\"Organization\",\"@id\":\"https:\\\/\\\/hirelabas.lt\\\/#organization\",\"name\":\"HireLabas group\",\"url\":\"https:\\\/\\\/hirelabas.lt\\\/\",\"logo\":{\"@type\":\"ImageObject\",\"inLanguage\":\"cs\",\"@id\":\"https:\\\/\\\/hirelabas.lt\\\/#\\\/schema\\\/logo\\\/image\\\/\",\"url\":\"https:\\\/\\\/hirelabas.lt\\\/wp-content\\\/uploads\\\/2021\\\/05\\\/hirelabas-grupe-lt-300x203-1.png\",\"contentUrl\":\"https:\\\/\\\/hirelabas.lt\\\/wp-content\\\/uploads\\\/2021\\\/05\\\/hirelabas-grupe-lt-300x203-1.png\",\"width\":300,\"height\":203,\"caption\":\"HireLabas group\"},\"image\":{\"@id\":\"https:\\\/\\\/hirelabas.lt\\\/#\\\/schema\\\/logo\\\/image\\\/\"}}]}<\/script>\n<!-- \/ Yoast SEO Premium plugin. -->","yoast_head_json":{"title":"Vyhled\u00e1n\u00ed person\u00e1lu, vyhled\u00e1n\u00ed pracovn\u00edk\u016f z Ukrajiny - v\u00fdb\u011br person\u00e1lu","description":"Vyhled\u00e1n\u00ed person\u00e1lu, vyhled\u00e1n\u00ed pracovn\u00edk\u016f z Ukrajiny - v\u00fdb\u011br person\u00e1lu. Profesion\u00e1ln\u00ed slu\u017eby. U\u0161et\u0159ete s\u00a0n\u00e1mi \u010das i pen\u00edze HireLabas Group","robots":{"index":"index","follow":"follow","max-snippet":"max-snippet:-1","max-image-preview":"max-image-preview:large","max-video-preview":"max-video-preview:-1"},"canonical":"https:\/\/hirelabas.lt\/cs\/o-spolecnosti\/","og_locale":"cs_CZ","og_type":"article","og_title":"O spole\u010dnosti","og_description":"Vyhled\u00e1n\u00ed person\u00e1lu, vyhled\u00e1n\u00ed pracovn\u00edk\u016f z Ukrajiny - v\u00fdb\u011br person\u00e1lu. Profesion\u00e1ln\u00ed slu\u017eby. U\u0161et\u0159ete s\u00a0n\u00e1mi \u010das i pen\u00edze HireLabas Group","og_url":"https:\/\/hirelabas.lt\/cs\/o-spolecnosti\/","og_site_name":"HireLabas group","article_modified_time":"2021-10-06T13:37:45+00:00","og_image":[{"width":1170,"height":800,"url":"https:\/\/hirelabas.lt\/wp-content\/uploads\/2021\/06\/hirelabas-vertybiu-sistema-cz-1.png","type":"image\/png"}],"twitter_card":"summary_large_image","twitter_misc":{"Odhadovan\u00e1 doba \u010dten\u00ed":"1 minuta"},"schema":{"@context":"https:\/\/schema.org","@graph":[{"@type":"WebPage","@id":"https:\/\/hirelabas.lt\/cs\/o-spolecnosti\/","url":"https:\/\/hirelabas.lt\/cs\/o-spolecnosti\/","name":"Vyhled\u00e1n\u00ed person\u00e1lu, vyhled\u00e1n\u00ed pracovn\u00edk\u016f z Ukrajiny - v\u00fdb\u011br person\u00e1lu","isPartOf":{"@id":"https:\/\/hirelabas.lt\/#website"},"primaryImageOfPage":{"@id":"https:\/\/hirelabas.lt\/cs\/o-spolecnosti\/#primaryimage"},"image":{"@id":"https:\/\/hirelabas.lt\/cs\/o-spolecnosti\/#primaryimage"},"thumbnailUrl":"https:\/\/hirelabas.lt\/wp-content\/uploads\/2021\/06\/hirelabas-vertybiu-sistema-cz-1.png","datePublished":"2021-06-26T16:56:12+00:00","dateModified":"2021-10-06T13:37:45+00:00","description":"Vyhled\u00e1n\u00ed person\u00e1lu, vyhled\u00e1n\u00ed pracovn\u00edk\u016f z Ukrajiny - v\u00fdb\u011br person\u00e1lu. Profesion\u00e1ln\u00ed slu\u017eby. U\u0161et\u0159ete s\u00a0n\u00e1mi \u010das i pen\u00edze HireLabas Group","breadcrumb":{"@id":"https:\/\/hirelabas.lt\/cs\/o-spolecnosti\/#breadcrumb"},"inLanguage":"cs","potentialAction":[{"@type":"ReadAction","target":["https:\/\/hirelabas.lt\/cs\/o-spolecnosti\/"]}]},{"@type":"ImageObject","inLanguage":"cs","@id":"https:\/\/hirelabas.lt\/cs\/o-spolecnosti\/#primaryimage","url":"https:\/\/hirelabas.lt\/wp-content\/uploads\/2021\/06\/hirelabas-vertybiu-sistema-cz-1.png","contentUrl":"https:\/\/hirelabas.lt\/wp-content\/uploads\/2021\/06\/hirelabas-vertybiu-sistema-cz-1.png","width":1170,"height":800},{"@type":"BreadcrumbList","@id":"https:\/\/hirelabas.lt\/cs\/o-spolecnosti\/#breadcrumb","itemListElement":[{"@type":"ListItem","position":1,"name":"Home","item":"https:\/\/hirelabas.lt\/cs\/"},{"@type":"ListItem","position":2,"name":"O spole\u010dnosti"}]},{"@type":"WebSite","@id":"https:\/\/hirelabas.lt\/#website","url":"https:\/\/hirelabas.lt\/","name":"HireLabas group","description":"","publisher":{"@id":"https:\/\/hirelabas.lt\/#organization"},"potentialAction":[{"@type":"SearchAction","target":{"@type":"EntryPoint","urlTemplate":"https:\/\/hirelabas.lt\/?s={search_term_string}"},"query-input":{"@type":"PropertyValueSpecification","valueRequired":true,"valueName":"search_term_string"}}],"inLanguage":"cs"},{"@type":"Organization","@id":"https:\/\/hirelabas.lt\/#organization","name":"HireLabas group","url":"https:\/\/hirelabas.lt\/","logo":{"@type":"ImageObject","inLanguage":"cs","@id":"https:\/\/hirelabas.lt\/#\/schema\/logo\/image\/","url":"https:\/\/hirelabas.lt\/wp-content\/uploads\/2021\/05\/hirelabas-grupe-lt-300x203-1.png","contentUrl":"https:\/\/hirelabas.lt\/wp-content\/uploads\/2021\/05\/hirelabas-grupe-lt-300x203-1.png","width":300,"height":203,"caption":"HireLabas group"},"image":{"@id":"https:\/\/hirelabas.lt\/#\/schema\/logo\/image\/"}}]}},"_links":{"self":[{"href":"https:\/\/hirelabas.lt\/cs\/wp-json\/wp\/v2\/pages\/42737","targetHints":{"allow":["GET"]}}],"collection":[{"href":"https:\/\/hirelabas.lt\/cs\/wp-json\/wp\/v2\/pages"}],"about":[{"href":"https:\/\/hirelabas.lt\/cs\/wp-json\/wp\/v2\/types\/page"}],"author":[{"embeddable":true,"href":"https:\/\/hirelabas.lt\/cs\/wp-json\/wp\/v2\/users\/1"}],"replies":[{"embeddable":true,"href":"https:\/\/hirelabas.lt\/cs\/wp-json\/wp\/v2\/comments?post=42737"}],"version-history":[{"count":1,"href":"https:\/\/hirelabas.lt\/cs\/wp-json\/wp\/v2\/pages\/42737\/revisions"}],"predecessor-version":[{"id":42738,"href":"https:\/\/hirelabas.lt\/cs\/wp-json\/wp\/v2\/pages\/42737\/revisions\/42738"}],"wp:featuredmedia":[{"embeddable":true,"href":"https:\/\/hirelabas.lt\/cs\/wp-json\/wp\/v2\/media\/42751"}],"wp:attachment":[{"href":"https:\/\/hirelabas.lt\/cs\/wp-json\/wp\/v2\/media?parent=42737"}],"curies":[{"name":"wp","href":"https:\/\/api.w.org\/{rel}","templated":true}]}}