{"id":42739,"date":"2021-06-26T16:57:43","date_gmt":"2021-06-26T16:57:43","guid":{"rendered":"http:\/\/hirelabas.lt\/?page_id=42739"},"modified":"2021-10-06T16:38:28","modified_gmt":"2021-10-06T13:38:28","slug":"partnerstvi","status":"publish","type":"page","link":"https:\/\/hirelabas.lt\/cs\/partnerstvi\/","title":{"rendered":"Partnerstv\u00ed"},"content":{"rendered":"<h2 class=\"base-text\"><strong>Na\u0161\u00ed ambic\u00ed je st\u00e1t se preferovan\u00fdm partnerem pro leg\u00e1ln\u00ed<\/strong><br \/>\n<strong>zprost\u0159edkov\u00e1n\u00ed zam\u011bstnanc\u016f z Ukrajiny, rychle a dlouhodob\u011b<\/strong><\/h2>\n<p>Mo\u017enosti z\u00edsk\u00e1v\u00e1n\u00ed zam\u011bstnanc\u016f z Ukrajiny &#8211; Ukrajin\u0161t\u00ed pracovn\u00edci jsou p\u0159\u00ednosem nejen pro zam\u011bstnavatele &#8211; HireLabas Group<\/p>\n","protected":false},"excerpt":{"rendered":"<p>Na\u0161\u00ed ambic\u00ed je st\u00e1t se preferovan\u00fdm partnerem pro leg\u00e1ln\u00ed zprost\u0159edkov\u00e1n\u00ed zam\u011bstnanc\u016f z Ukrajiny, rychle a dlouhodob\u011b Mo\u017enosti z\u00edsk\u00e1v\u00e1n\u00ed zam\u011bstnanc\u016f z Ukrajiny &#8211; Ukrajin\u0161t\u00ed pracovn\u00edci jsou p\u0159\u00ednosem nejen pro zam\u011bstnavatele &#8211; HireLabas Group<\/p>\n","protected":false},"author":1,"featured_media":0,"parent":0,"menu_order":0,"comment_status":"closed","ping_status":"closed","template":"darbdaviams-template-without-image.php","meta":{"_acf_changed":false,"footnotes":""},"class_list":["post-42739","page","type-page","status-publish","hentry"],"acf":[],"yoast_head":"<!-- This site is optimized with the Yoast SEO Premium plugin v27.1 (Yoast SEO v27.4) - https:\/\/yoast.com\/product\/yoast-seo-premium-wordpress\/ -->\n<title>Partnerstv\u00ed | Mo\u017enosti z\u00edsk\u00e1v\u00e1n\u00ed zam\u011bstnanc\u016f z Ukrajiny HireLabas Group<\/title>\n<meta name=\"description\" content=\"Mo\u017enosti z\u00edsk\u00e1v\u00e1n\u00ed zam\u011bstnanc\u016f z Ukrajiny - Ukrajin\u0161t\u00ed pracovn\u00edci jsou p\u0159\u00ednosem nejen pro zam\u011bstnavatele - HireLabas Group\" \/>\n<meta name=\"robots\" content=\"index, follow, max-snippet:-1, max-image-preview:large, max-video-preview:-1\" \/>\n<link rel=\"canonical\" href=\"https:\/\/hirelabas.lt\/cs\/partnerstvi\/\" \/>\n<meta property=\"og:locale\" content=\"cs_CZ\" \/>\n<meta property=\"og:type\" content=\"article\" \/>\n<meta property=\"og:title\" content=\"Partnerstv\u00ed\" \/>\n<meta property=\"og:description\" content=\"Mo\u017enosti z\u00edsk\u00e1v\u00e1n\u00ed zam\u011bstnanc\u016f z Ukrajiny - Ukrajin\u0161t\u00ed pracovn\u00edci jsou p\u0159\u00ednosem nejen pro zam\u011bstnavatele - HireLabas Group\" \/>\n<meta property=\"og:url\" content=\"https:\/\/hirelabas.lt\/cs\/partnerstvi\/\" \/>\n<meta property=\"og:site_name\" content=\"HireLabas group\" \/>\n<meta property=\"article:modified_time\" content=\"2021-10-06T13:38:28+00:00\" \/>\n<meta property=\"og:image\" content=\"https:\/\/hirelabas.lt\/wp-content\/uploads\/2021\/10\/hirelabas-group.png\" \/>\n\t<meta property=\"og:image:width\" content=\"600\" \/>\n\t<meta property=\"og:image:height\" content=\"500\" \/>\n\t<meta property=\"og:image:type\" content=\"image\/png\" \/>\n<meta name=\"twitter:card\" content=\"summary_large_image\" \/>\n<script type=\"application\/ld+json\" class=\"yoast-schema-graph\">{\"@context\":\"https:\\\/\\\/schema.org\",\"@graph\":[{\"@type\":\"WebPage\",\"@id\":\"https:\\\/\\\/hirelabas.lt\\\/cs\\\/partnerstvi\\\/\",\"url\":\"https:\\\/\\\/hirelabas.lt\\\/cs\\\/partnerstvi\\\/\",\"name\":\"Partnerstv\u00ed | Mo\u017enosti z\u00edsk\u00e1v\u00e1n\u00ed zam\u011bstnanc\u016f z Ukrajiny HireLabas Group\",\"isPartOf\":{\"@id\":\"https:\\\/\\\/hirelabas.lt\\\/#website\"},\"datePublished\":\"2021-06-26T16:57:43+00:00\",\"dateModified\":\"2021-10-06T13:38:28+00:00\",\"description\":\"Mo\u017enosti z\u00edsk\u00e1v\u00e1n\u00ed zam\u011bstnanc\u016f z Ukrajiny - Ukrajin\u0161t\u00ed pracovn\u00edci jsou p\u0159\u00ednosem nejen pro zam\u011bstnavatele - HireLabas Group\",\"breadcrumb\":{\"@id\":\"https:\\\/\\\/hirelabas.lt\\\/cs\\\/partnerstvi\\\/#breadcrumb\"},\"inLanguage\":\"cs\",\"potentialAction\":[{\"@type\":\"ReadAction\",\"target\":[\"https:\\\/\\\/hirelabas.lt\\\/cs\\\/partnerstvi\\\/\"]}]},{\"@type\":\"BreadcrumbList\",\"@id\":\"https:\\\/\\\/hirelabas.lt\\\/cs\\\/partnerstvi\\\/#breadcrumb\",\"itemListElement\":[{\"@type\":\"ListItem\",\"position\":1,\"name\":\"Home\",\"item\":\"https:\\\/\\\/hirelabas.lt\\\/cs\\\/\"},{\"@type\":\"ListItem\",\"position\":2,\"name\":\"Partnerstv\u00ed\"}]},{\"@type\":\"WebSite\",\"@id\":\"https:\\\/\\\/hirelabas.lt\\\/#website\",\"url\":\"https:\\\/\\\/hirelabas.lt\\\/\",\"name\":\"HireLabas group\",\"description\":\"\",\"publisher\":{\"@id\":\"https:\\\/\\\/hirelabas.lt\\\/#organization\"},\"potentialAction\":[{\"@type\":\"SearchAction\",\"target\":{\"@type\":\"EntryPoint\",\"urlTemplate\":\"https:\\\/\\\/hirelabas.lt\\\/?s={search_term_string}\"},\"query-input\":{\"@type\":\"PropertyValueSpecification\",\"valueRequired\":true,\"valueName\":\"search_term_string\"}}],\"inLanguage\":\"cs\"},{\"@type\":\"Organization\",\"@id\":\"https:\\\/\\\/hirelabas.lt\\\/#organization\",\"name\":\"HireLabas group\",\"url\":\"https:\\\/\\\/hirelabas.lt\\\/\",\"logo\":{\"@type\":\"ImageObject\",\"inLanguage\":\"cs\",\"@id\":\"https:\\\/\\\/hirelabas.lt\\\/#\\\/schema\\\/logo\\\/image\\\/\",\"url\":\"https:\\\/\\\/hirelabas.lt\\\/wp-content\\\/uploads\\\/2021\\\/05\\\/hirelabas-grupe-lt-300x203-1.png\",\"contentUrl\":\"https:\\\/\\\/hirelabas.lt\\\/wp-content\\\/uploads\\\/2021\\\/05\\\/hirelabas-grupe-lt-300x203-1.png\",\"width\":300,\"height\":203,\"caption\":\"HireLabas group\"},\"image\":{\"@id\":\"https:\\\/\\\/hirelabas.lt\\\/#\\\/schema\\\/logo\\\/image\\\/\"}}]}<\/script>\n<!-- \/ Yoast SEO Premium plugin. -->","yoast_head_json":{"title":"Partnerstv\u00ed | Mo\u017enosti z\u00edsk\u00e1v\u00e1n\u00ed zam\u011bstnanc\u016f z Ukrajiny HireLabas Group","description":"Mo\u017enosti z\u00edsk\u00e1v\u00e1n\u00ed zam\u011bstnanc\u016f z Ukrajiny - Ukrajin\u0161t\u00ed pracovn\u00edci jsou p\u0159\u00ednosem nejen pro zam\u011bstnavatele - HireLabas Group","robots":{"index":"index","follow":"follow","max-snippet":"max-snippet:-1","max-image-preview":"max-image-preview:large","max-video-preview":"max-video-preview:-1"},"canonical":"https:\/\/hirelabas.lt\/cs\/partnerstvi\/","og_locale":"cs_CZ","og_type":"article","og_title":"Partnerstv\u00ed","og_description":"Mo\u017enosti z\u00edsk\u00e1v\u00e1n\u00ed zam\u011bstnanc\u016f z Ukrajiny - Ukrajin\u0161t\u00ed pracovn\u00edci jsou p\u0159\u00ednosem nejen pro zam\u011bstnavatele - HireLabas Group","og_url":"https:\/\/hirelabas.lt\/cs\/partnerstvi\/","og_site_name":"HireLabas group","article_modified_time":"2021-10-06T13:38:28+00:00","og_image":[{"width":600,"height":500,"url":"https:\/\/hirelabas.lt\/wp-content\/uploads\/2021\/10\/hirelabas-group.png","type":"image\/png"}],"twitter_card":"summary_large_image","schema":{"@context":"https:\/\/schema.org","@graph":[{"@type":"WebPage","@id":"https:\/\/hirelabas.lt\/cs\/partnerstvi\/","url":"https:\/\/hirelabas.lt\/cs\/partnerstvi\/","name":"Partnerstv\u00ed | Mo\u017enosti z\u00edsk\u00e1v\u00e1n\u00ed zam\u011bstnanc\u016f z Ukrajiny HireLabas Group","isPartOf":{"@id":"https:\/\/hirelabas.lt\/#website"},"datePublished":"2021-06-26T16:57:43+00:00","dateModified":"2021-10-06T13:38:28+00:00","description":"Mo\u017enosti z\u00edsk\u00e1v\u00e1n\u00ed zam\u011bstnanc\u016f z Ukrajiny - Ukrajin\u0161t\u00ed pracovn\u00edci jsou p\u0159\u00ednosem nejen pro zam\u011bstnavatele - HireLabas Group","breadcrumb":{"@id":"https:\/\/hirelabas.lt\/cs\/partnerstvi\/#breadcrumb"},"inLanguage":"cs","potentialAction":[{"@type":"ReadAction","target":["https:\/\/hirelabas.lt\/cs\/partnerstvi\/"]}]},{"@type":"BreadcrumbList","@id":"https:\/\/hirelabas.lt\/cs\/partnerstvi\/#breadcrumb","itemListElement":[{"@type":"ListItem","position":1,"name":"Home","item":"https:\/\/hirelabas.lt\/cs\/"},{"@type":"ListItem","position":2,"name":"Partnerstv\u00ed"}]},{"@type":"WebSite","@id":"https:\/\/hirelabas.lt\/#website","url":"https:\/\/hirelabas.lt\/","name":"HireLabas group","description":"","publisher":{"@id":"https:\/\/hirelabas.lt\/#organization"},"potentialAction":[{"@type":"SearchAction","target":{"@type":"EntryPoint","urlTemplate":"https:\/\/hirelabas.lt\/?s={search_term_string}"},"query-input":{"@type":"PropertyValueSpecification","valueRequired":true,"valueName":"search_term_string"}}],"inLanguage":"cs"},{"@type":"Organization","@id":"https:\/\/hirelabas.lt\/#organization","name":"HireLabas group","url":"https:\/\/hirelabas.lt\/","logo":{"@type":"ImageObject","inLanguage":"cs","@id":"https:\/\/hirelabas.lt\/#\/schema\/logo\/image\/","url":"https:\/\/hirelabas.lt\/wp-content\/uploads\/2021\/05\/hirelabas-grupe-lt-300x203-1.png","contentUrl":"https:\/\/hirelabas.lt\/wp-content\/uploads\/2021\/05\/hirelabas-grupe-lt-300x203-1.png","width":300,"height":203,"caption":"HireLabas group"},"image":{"@id":"https:\/\/hirelabas.lt\/#\/schema\/logo\/image\/"}}]}},"_links":{"self":[{"href":"https:\/\/hirelabas.lt\/cs\/wp-json\/wp\/v2\/pages\/42739","targetHints":{"allow":["GET"]}}],"collection":[{"href":"https:\/\/hirelabas.lt\/cs\/wp-json\/wp\/v2\/pages"}],"about":[{"href":"https:\/\/hirelabas.lt\/cs\/wp-json\/wp\/v2\/types\/page"}],"author":[{"embeddable":true,"href":"https:\/\/hirelabas.lt\/cs\/wp-json\/wp\/v2\/users\/1"}],"replies":[{"embeddable":true,"href":"https:\/\/hirelabas.lt\/cs\/wp-json\/wp\/v2\/comments?post=42739"}],"version-history":[{"count":1,"href":"https:\/\/hirelabas.lt\/cs\/wp-json\/wp\/v2\/pages\/42739\/revisions"}],"predecessor-version":[{"id":42740,"href":"https:\/\/hirelabas.lt\/cs\/wp-json\/wp\/v2\/pages\/42739\/revisions\/42740"}],"wp:attachment":[{"href":"https:\/\/hirelabas.lt\/cs\/wp-json\/wp\/v2\/media?parent=42739"}],"curies":[{"name":"wp","href":"https:\/\/api.w.org\/{rel}","templated":true}]}}