{"id":42623,"date":"2021-06-26T14:31:50","date_gmt":"2021-06-26T14:31:50","guid":{"rendered":"http:\/\/hirelabas.lt\/?page_id=42623"},"modified":"2023-03-30T13:09:10","modified_gmt":"2023-03-30T10:09:10","slug":"42623-2","status":"publish","type":"page","link":"https:\/\/hirelabas.lt\/de\/","title":{"rendered":"HireLabas Group"},"content":{"rendered":"<h3>Arbeitskr\u00e4fte aus Litauen<\/h3>\n<h4>Sie suchen hochqualifizierte Arbeitskr\u00e4fte aus Litauen oder Osteuropa?<\/h4>\n<p>Dann sind wir Ihre zuverl\u00e4ssige Vermittlungsagentur mit Top-Kontakten ins Ausland.\u00a0Wir, HireLabas Group, vermitteln Ihnen erfolgreich passende Arbeitskr\u00e4fte, Subunternehmer, Leiharbeiter aus Litauen.<\/p>\n<p>Viele deutsche Unternehmen leiden an Fachkr\u00e4ftemangel in vielen Branchen. Vor allem in\u00a0Baugewerbe,\u00a0Schwei\u00dftechnik, Schlosserarbeiten,\u00a0Schiffbau,\u00a0 Elektrotechnik,\u00a0Produktion\u00a0oder in\u00a0Industrie. Wir helfen Ihnen dabei fehlende Personalstellen zu besetzen! Wir haben einen gro\u00dfen Netzwerk in Litauen und in Osteuropa und k\u00f6nnen auch kurzfristig zertifizierte Fachkr\u00e4fte f\u00fcr Sie rekrutieren.<\/p>\n<p class=\"h3\"><strong>DIE WICHTIGSTEN ECKDATEN ZU LITAUEN<\/strong><\/p>\n<p>Litauen ist das s\u00fcdlichste und gr\u00f6\u00dfte der drei baltischen L\u00e4nder und wurde im Zuge der EU-Erweiterung 2004 zum Mitgliedsstaat der Europ\u00e4ischen Union. Das \u00fcberwiegend flache Land ist zu ca. 30 % mit Wald bedeckt. Nach dem Stand von 2014 weist das Litauen eine Bev\u00f6lkerungszahl von 2.943.471 Menschen auf und hat somit die gr\u00f6\u00dfte Bev\u00f6lkerungsdichte der baltischen Staaten. Litauen ist eine parlamentarische Republik mit einem straken Wirtschaftszweig in den Sektoren Gro\u00df- und Einzelhandel, Verkehr, Beherbergungs- und Gastst\u00e4ttenwesen.<\/p>\n<p>Seit dem Jahr 2011 haben all B\u00fcrger der Europ\u00e4ischen Union ein Recht auf die volle Arbeitnehmerfreiz\u00fcgigkeit. Dieses Gemeinschaftsrecht erlaubt es jedem EU-B\u00fcrger zum Arbeiten und Leben in ein anderes europ\u00e4isches Land zu ziehen. Das Anstellungsverfahren von litauischen Arbeitskr\u00e4ften in Deutschland ist folglich keine kompliziertere Angelegenheit als bei der Einstellung einer Fachkraft aus dem Inland.<\/p>\n<p>&nbsp;<\/p>\n<p>Arbeitskr\u00e4fte aus dem Ausland &#8211; Wir bieten innovative Programme an und suchen die Leiharbeiter aus Litauen sorgf\u00e4ltig aus. Sie sind auf der Suche nach Arbeitskr\u00e4ften aus dem osteurop\u00e4ischen Ausland oder anderen EU-Staaten?<\/p>\n<p>Dann sind wir von <b>HireLabas Gruppe<\/b> Ihre kompetente Vermittlungsagentur mit Sitz in Deutschland<\/p>\n<p>HireLabas Gruppe<\/p>\n<p>Sie sind auf der Suche nach einer hochqualifizierten Arbeitskraft aus Litauen oder aus einem anderen osteurop\u00e4ischen Land? Wir von Lettau Personal Dienst vermitteln Ihnen erfolgreich Ihre passende Arbeitskraft. Profitieren Sie von unseren Spitzen- Kontakten ins Ausland und nutzen Sie unser Anmeldeformular, um uns kostenlos zu kontaktieren.<\/p>\n<p><img loading=\"lazy\" decoding=\"async\" class=\"alignnone wp-image-48165 size-medium\" src=\"https:\/\/hirelabas.lt\/wp-content\/uploads\/2023\/03\/Arbeitskrafte-aus-Litauen-300x196.png\" alt=\"Arbeitskr\u00e4fte aus Litauen\" width=\"300\" height=\"196\" srcset=\"https:\/\/hirelabas.lt\/wp-content\/uploads\/2023\/03\/Arbeitskrafte-aus-Litauen-300x196.png 300w, https:\/\/hirelabas.lt\/wp-content\/uploads\/2023\/03\/Arbeitskrafte-aus-Litauen-1024x670.png 1024w, https:\/\/hirelabas.lt\/wp-content\/uploads\/2023\/03\/Arbeitskrafte-aus-Litauen-768x502.png 768w, https:\/\/hirelabas.lt\/wp-content\/uploads\/2023\/03\/Arbeitskrafte-aus-Litauen-1536x1005.png 1536w, https:\/\/hirelabas.lt\/wp-content\/uploads\/2023\/03\/Arbeitskrafte-aus-Litauen-130x85.png 130w, https:\/\/hirelabas.lt\/wp-content\/uploads\/2023\/03\/Arbeitskrafte-aus-Litauen-540x353.png 540w, https:\/\/hirelabas.lt\/wp-content\/uploads\/2023\/03\/Arbeitskrafte-aus-Litauen.png 2000w\" sizes=\"auto, (max-width: 300px) 100vw, 300px\" \/><\/p>\n<p>&nbsp;<\/p>\n","protected":false},"excerpt":{"rendered":"<p>Arbeitskr\u00e4fte aus Litauen Sie suchen hochqualifizierte Arbeitskr\u00e4fte aus Litauen oder Osteuropa? Dann sind wir Ihre zuverl\u00e4ssige Vermittlungsagentur mit Top-Kontakten ins Ausland.\u00a0Wir, HireLabas Group, vermitteln Ihnen erfolgreich passende Arbeitskr\u00e4fte, Subunternehmer, Leiharbeiter aus Litauen. Viele deutsche Unternehmen leiden an Fachkr\u00e4ftemangel in vielen Branchen. Vor allem in\u00a0Baugewerbe,\u00a0Schwei\u00dftechnik, Schlosserarbeiten,\u00a0Schiffbau,\u00a0 Elektrotechnik,\u00a0Produktion\u00a0oder in\u00a0Industrie. Wir helfen Ihnen dabei fehlende Personalstellen zu besetzen! [&hellip;]<\/p>\n","protected":false},"author":1,"featured_media":0,"parent":0,"menu_order":0,"comment_status":"closed","ping_status":"closed","template":"pagrindinis-template.php","meta":{"_acf_changed":false,"footnotes":""},"class_list":["post-42623","page","type-page","status-publish","hentry"],"acf":[],"yoast_head":"<!-- This site is optimized with the Yoast SEO Premium plugin v27.1 (Yoast SEO v27.4) - https:\/\/yoast.com\/product\/yoast-seo-premium-wordpress\/ -->\n<title>Arbeitskr\u00e4fte aus Litauen &amp; Osteuropa | HireLabas Group<\/title>\n<meta name=\"description\" content=\"Sie suchen hochqualifizierte Arbeitskr\u00e4fte aus Litauen oder Osteuropa? HireLabas Group ist Ihre innovative Zeitarbeitsfirma.\" \/>\n<meta name=\"robots\" content=\"index, follow, max-snippet:-1, max-image-preview:large, max-video-preview:-1\" \/>\n<link rel=\"canonical\" href=\"https:\/\/hirelabas.lt\/de\/\" \/>\n<meta property=\"og:locale\" content=\"de_DE\" \/>\n<meta property=\"og:type\" content=\"article\" \/>\n<meta property=\"og:title\" content=\"HireLabas Group\" \/>\n<meta property=\"og:description\" content=\"Sie suchen hochqualifizierte Arbeitskr\u00e4fte aus Litauen oder Osteuropa? HireLabas Group ist Ihre innovative Zeitarbeitsfirma.\" \/>\n<meta property=\"og:url\" content=\"https:\/\/hirelabas.lt\/de\/\" \/>\n<meta property=\"og:site_name\" content=\"HireLabas group\" \/>\n<meta property=\"article:modified_time\" content=\"2023-03-30T10:09:10+00:00\" \/>\n<meta property=\"og:image\" content=\"https:\/\/hirelabas.lt\/wp-content\/uploads\/2023\/03\/Arbeitskrafte-aus-Litauen-300x196.png\" \/>\n<meta name=\"twitter:card\" content=\"summary_large_image\" \/>\n<meta name=\"twitter:label1\" content=\"Gesch\u00e4tzte Lesezeit\" \/>\n\t<meta name=\"twitter:data1\" content=\"2\u00a0Minuten\" \/>\n<script type=\"application\/ld+json\" class=\"yoast-schema-graph\">{\"@context\":\"https:\\\/\\\/schema.org\",\"@graph\":[{\"@type\":\"WebPage\",\"@id\":\"https:\\\/\\\/hirelabas.lt\\\/de\\\/\",\"url\":\"https:\\\/\\\/hirelabas.lt\\\/de\\\/\",\"name\":\"Arbeitskr\u00e4fte aus Litauen & Osteuropa | HireLabas Group\",\"isPartOf\":{\"@id\":\"https:\\\/\\\/hirelabas.lt\\\/#website\"},\"primaryImageOfPage\":{\"@id\":\"https:\\\/\\\/hirelabas.lt\\\/de\\\/#primaryimage\"},\"image\":{\"@id\":\"https:\\\/\\\/hirelabas.lt\\\/de\\\/#primaryimage\"},\"thumbnailUrl\":\"https:\\\/\\\/hirelabas.lt\\\/wp-content\\\/uploads\\\/2023\\\/03\\\/Arbeitskrafte-aus-Litauen-300x196.png\",\"datePublished\":\"2021-06-26T14:31:50+00:00\",\"dateModified\":\"2023-03-30T10:09:10+00:00\",\"description\":\"Sie suchen hochqualifizierte Arbeitskr\u00e4fte aus Litauen oder Osteuropa? HireLabas Group ist Ihre innovative Zeitarbeitsfirma.\",\"breadcrumb\":{\"@id\":\"https:\\\/\\\/hirelabas.lt\\\/de\\\/#breadcrumb\"},\"inLanguage\":\"de\",\"potentialAction\":[{\"@type\":\"ReadAction\",\"target\":[\"https:\\\/\\\/hirelabas.lt\\\/de\\\/\"]}]},{\"@type\":\"ImageObject\",\"inLanguage\":\"de\",\"@id\":\"https:\\\/\\\/hirelabas.lt\\\/de\\\/#primaryimage\",\"url\":\"https:\\\/\\\/hirelabas.lt\\\/wp-content\\\/uploads\\\/2023\\\/03\\\/Arbeitskrafte-aus-Litauen-300x196.png\",\"contentUrl\":\"https:\\\/\\\/hirelabas.lt\\\/wp-content\\\/uploads\\\/2023\\\/03\\\/Arbeitskrafte-aus-Litauen-300x196.png\"},{\"@type\":\"BreadcrumbList\",\"@id\":\"https:\\\/\\\/hirelabas.lt\\\/de\\\/#breadcrumb\",\"itemListElement\":[{\"@type\":\"ListItem\",\"position\":1,\"name\":\"Home\",\"item\":\"https:\\\/\\\/hirelabas.lt\\\/de\\\/\"},{\"@type\":\"ListItem\",\"position\":2,\"name\":\"HireLabas Group\"}]},{\"@type\":\"WebSite\",\"@id\":\"https:\\\/\\\/hirelabas.lt\\\/#website\",\"url\":\"https:\\\/\\\/hirelabas.lt\\\/\",\"name\":\"HireLabas group\",\"description\":\"\",\"publisher\":{\"@id\":\"https:\\\/\\\/hirelabas.lt\\\/#organization\"},\"potentialAction\":[{\"@type\":\"SearchAction\",\"target\":{\"@type\":\"EntryPoint\",\"urlTemplate\":\"https:\\\/\\\/hirelabas.lt\\\/?s={search_term_string}\"},\"query-input\":{\"@type\":\"PropertyValueSpecification\",\"valueRequired\":true,\"valueName\":\"search_term_string\"}}],\"inLanguage\":\"de\"},{\"@type\":\"Organization\",\"@id\":\"https:\\\/\\\/hirelabas.lt\\\/#organization\",\"name\":\"HireLabas group\",\"url\":\"https:\\\/\\\/hirelabas.lt\\\/\",\"logo\":{\"@type\":\"ImageObject\",\"inLanguage\":\"de\",\"@id\":\"https:\\\/\\\/hirelabas.lt\\\/#\\\/schema\\\/logo\\\/image\\\/\",\"url\":\"https:\\\/\\\/hirelabas.lt\\\/wp-content\\\/uploads\\\/2021\\\/05\\\/hirelabas-grupe-lt-300x203-1.png\",\"contentUrl\":\"https:\\\/\\\/hirelabas.lt\\\/wp-content\\\/uploads\\\/2021\\\/05\\\/hirelabas-grupe-lt-300x203-1.png\",\"width\":300,\"height\":203,\"caption\":\"HireLabas group\"},\"image\":{\"@id\":\"https:\\\/\\\/hirelabas.lt\\\/#\\\/schema\\\/logo\\\/image\\\/\"}}]}<\/script>\n<!-- \/ Yoast SEO Premium plugin. -->","yoast_head_json":{"title":"Arbeitskr\u00e4fte aus Litauen & Osteuropa | HireLabas Group","description":"Sie suchen hochqualifizierte Arbeitskr\u00e4fte aus Litauen oder Osteuropa? HireLabas Group ist Ihre innovative Zeitarbeitsfirma.","robots":{"index":"index","follow":"follow","max-snippet":"max-snippet:-1","max-image-preview":"max-image-preview:large","max-video-preview":"max-video-preview:-1"},"canonical":"https:\/\/hirelabas.lt\/de\/","og_locale":"de_DE","og_type":"article","og_title":"HireLabas Group","og_description":"Sie suchen hochqualifizierte Arbeitskr\u00e4fte aus Litauen oder Osteuropa? HireLabas Group ist Ihre innovative Zeitarbeitsfirma.","og_url":"https:\/\/hirelabas.lt\/de\/","og_site_name":"HireLabas group","article_modified_time":"2023-03-30T10:09:10+00:00","og_image":[{"url":"https:\/\/hirelabas.lt\/wp-content\/uploads\/2023\/03\/Arbeitskrafte-aus-Litauen-300x196.png","type":"","width":"","height":""}],"twitter_card":"summary_large_image","twitter_misc":{"Gesch\u00e4tzte Lesezeit":"2\u00a0Minuten"},"schema":{"@context":"https:\/\/schema.org","@graph":[{"@type":"WebPage","@id":"https:\/\/hirelabas.lt\/de\/","url":"https:\/\/hirelabas.lt\/de\/","name":"Arbeitskr\u00e4fte aus Litauen & Osteuropa | HireLabas Group","isPartOf":{"@id":"https:\/\/hirelabas.lt\/#website"},"primaryImageOfPage":{"@id":"https:\/\/hirelabas.lt\/de\/#primaryimage"},"image":{"@id":"https:\/\/hirelabas.lt\/de\/#primaryimage"},"thumbnailUrl":"https:\/\/hirelabas.lt\/wp-content\/uploads\/2023\/03\/Arbeitskrafte-aus-Litauen-300x196.png","datePublished":"2021-06-26T14:31:50+00:00","dateModified":"2023-03-30T10:09:10+00:00","description":"Sie suchen hochqualifizierte Arbeitskr\u00e4fte aus Litauen oder Osteuropa? HireLabas Group ist Ihre innovative Zeitarbeitsfirma.","breadcrumb":{"@id":"https:\/\/hirelabas.lt\/de\/#breadcrumb"},"inLanguage":"de","potentialAction":[{"@type":"ReadAction","target":["https:\/\/hirelabas.lt\/de\/"]}]},{"@type":"ImageObject","inLanguage":"de","@id":"https:\/\/hirelabas.lt\/de\/#primaryimage","url":"https:\/\/hirelabas.lt\/wp-content\/uploads\/2023\/03\/Arbeitskrafte-aus-Litauen-300x196.png","contentUrl":"https:\/\/hirelabas.lt\/wp-content\/uploads\/2023\/03\/Arbeitskrafte-aus-Litauen-300x196.png"},{"@type":"BreadcrumbList","@id":"https:\/\/hirelabas.lt\/de\/#breadcrumb","itemListElement":[{"@type":"ListItem","position":1,"name":"Home","item":"https:\/\/hirelabas.lt\/de\/"},{"@type":"ListItem","position":2,"name":"HireLabas Group"}]},{"@type":"WebSite","@id":"https:\/\/hirelabas.lt\/#website","url":"https:\/\/hirelabas.lt\/","name":"HireLabas group","description":"","publisher":{"@id":"https:\/\/hirelabas.lt\/#organization"},"potentialAction":[{"@type":"SearchAction","target":{"@type":"EntryPoint","urlTemplate":"https:\/\/hirelabas.lt\/?s={search_term_string}"},"query-input":{"@type":"PropertyValueSpecification","valueRequired":true,"valueName":"search_term_string"}}],"inLanguage":"de"},{"@type":"Organization","@id":"https:\/\/hirelabas.lt\/#organization","name":"HireLabas group","url":"https:\/\/hirelabas.lt\/","logo":{"@type":"ImageObject","inLanguage":"de","@id":"https:\/\/hirelabas.lt\/#\/schema\/logo\/image\/","url":"https:\/\/hirelabas.lt\/wp-content\/uploads\/2021\/05\/hirelabas-grupe-lt-300x203-1.png","contentUrl":"https:\/\/hirelabas.lt\/wp-content\/uploads\/2021\/05\/hirelabas-grupe-lt-300x203-1.png","width":300,"height":203,"caption":"HireLabas group"},"image":{"@id":"https:\/\/hirelabas.lt\/#\/schema\/logo\/image\/"}}]}},"_links":{"self":[{"href":"https:\/\/hirelabas.lt\/de\/wp-json\/wp\/v2\/pages\/42623","targetHints":{"allow":["GET"]}}],"collection":[{"href":"https:\/\/hirelabas.lt\/de\/wp-json\/wp\/v2\/pages"}],"about":[{"href":"https:\/\/hirelabas.lt\/de\/wp-json\/wp\/v2\/types\/page"}],"author":[{"embeddable":true,"href":"https:\/\/hirelabas.lt\/de\/wp-json\/wp\/v2\/users\/1"}],"replies":[{"embeddable":true,"href":"https:\/\/hirelabas.lt\/de\/wp-json\/wp\/v2\/comments?post=42623"}],"version-history":[{"count":17,"href":"https:\/\/hirelabas.lt\/de\/wp-json\/wp\/v2\/pages\/42623\/revisions"}],"predecessor-version":[{"id":48175,"href":"https:\/\/hirelabas.lt\/de\/wp-json\/wp\/v2\/pages\/42623\/revisions\/48175"}],"wp:attachment":[{"href":"https:\/\/hirelabas.lt\/de\/wp-json\/wp\/v2\/media?parent=42623"}],"curies":[{"name":"wp","href":"https:\/\/api.w.org\/{rel}","templated":true}]}}