{"id":42658,"date":"2021-06-26T14:38:11","date_gmt":"2021-06-26T14:38:11","guid":{"rendered":"http:\/\/hirelabas.lt\/?page_id=42658"},"modified":"2023-03-30T15:59:18","modified_gmt":"2023-03-30T12:59:18","slug":"ueber-uns","status":"publish","type":"page","link":"https:\/\/hirelabas.lt\/de\/ueber-uns\/","title":{"rendered":"\u00dcber uns"},"content":{"rendered":"<h4 style=\"text-align: left;\">HireLabas Gruppe<\/h4>\n<h3><em>Im Bereich der Personalvermittlung ist HireLabas Gruppe Ihre innovative Zeitarbeitsfirma.<\/em><\/h3>\n<p>Wir stehen Ihnen bei den Themen Zeitarbeit aus dem Ausland, Personalvermittlung aus Litauen und bei weiteren Fachgebieten der Zeitarbeit zur Verf\u00fcgung.<\/p>\n<p>Als Personalvermittlung mit Sitz in Deutschland helfen wir Ihnen beim Personalleasing und vermitteln Arbeitskr\u00e4fte aus dem Ausland. Auch bei der Thematik Arbeitnehmer\u00fcberlassung Ausland oder bei der generellen Hilfe von der Zeitarbeit aus dem Ausland helfen wir Ihnen.<\/p>\n<p>Als Personalfirma vermitteln wir ausl\u00e4ndische Arbeitskr\u00e4fte, Saisonarbeiter. Mitarbeiter aus Litauen und auch bei anderem Personal aus Osteuropa stehen wir Ihnen als zuverl\u00e4ssiger<\/p>\n<p>Dienstleister jederzeit zur Verf\u00fcgung.<\/p>\n<h3><em>Wof\u00fcr wir von HireLabas Gruppe stehen<\/em><\/h3>\n<p>Unser Team von HireLabas Gruppe ist die moderne Zeitarbeitsfirma in Deutschland und hat sich auf die Themen Arbeitnehmer\u00fcberlassung Ausland spezialisiert. Als innovative Personalfirma stehen wir f\u00fcr Werte wie Zusammenhalt und Stabilit\u00e4t.<\/p>\n<p>Wir verf\u00fcgen \u00fcber die Kompetenz und k\u00f6nnen Ihnen Mitarbeiter f\u00fcr alle Branchen vermitteln. Als qualitativ hochwertige Fachvermittlung sorgen wir mit einer hohen Erfolgsquote daf\u00fcr, dass Ihre Stellen dauerhaft besetzt werden.<\/p>\n<p>Mittlerweile entscheiden sich immer mehr Firmen daf\u00fcr, das Thema Werkvertrag Arbeitnehmer\u00fcberlassung anzugehen und Arbeiter aus Osteuropa zu besch\u00e4ftigen.<\/p>\n<h3><em>Was wir von HireLabas Gruppe Ihnen bieten<\/em><\/h3>\n<p>Sind Sie auf der Suche qualifizierten Arbeitskr\u00e4ften aus Litauen? Eine tolle Entscheidung.<\/p>\n<p>Doch jetzt ben\u00f6tigen Sie noch eine Personalfirma, die Sie dabei unterst\u00fctzt, die passenden Mitarbeiter zu finden.<\/p>\n<p>Als spezialisiertes Unternehmen helfen wir Ihnen bei den Themen Personalvermittlung aus Osteuropa, Leiharbeit, Werkvertrag Arbeitnehmer und bei vielen weiteren Bereichen. Die Mitarbeiter sind allesamt motiviert und m\u00f6chten in den westlichen L\u00e4ndern wie Deutschland ein besseres Leben f\u00fchren.<\/p>\n<p>Wenn Sie Ihre Personalprobleme l\u00f6sen m\u00f6chten, stehen wir Ihnen als moderne Osteuropa Personalvermittlung zur Seite. Haben Sie Fragen, m\u00f6chten eine Beratung oder zus\u00e4tzliche Fragen?<\/p>\n<p><em><strong>Nehmen Sie Kontakt mit uns auf und wir k\u00fcmmern uns um Ihre Anliegen.<\/strong><\/em><\/p>\n<p>Falls Sie einen gr\u00f6\u00dferen Auftrag haben und Hilfe f\u00fcr eine bestimmte Zeit ben\u00f6tigen, vergessen Sie nicht die M\u00f6glichkeit, Ihre Leistung m\u00fchelos zu steigern.<\/p>\n<p><a href=\"https:\/\/hirelabas.lt\/de\/zeitarbeit-fuer-unternehmen\/\">F\u00dcR UNTERNEHMEN<\/a><\/p>\n","protected":false},"excerpt":{"rendered":"<p>HireLabas Gruppe Im Bereich der Personalvermittlung ist HireLabas Gruppe Ihre innovative Zeitarbeitsfirma. Wir stehen Ihnen bei den Themen Zeitarbeit aus dem Ausland, Personalvermittlung aus Litauen und bei weiteren Fachgebieten der Zeitarbeit zur Verf\u00fcgung. Als Personalvermittlung mit Sitz in Deutschland helfen wir Ihnen beim Personalleasing und vermitteln Arbeitskr\u00e4fte aus dem Ausland. Auch bei der Thematik Arbeitnehmer\u00fcberlassung [&hellip;]<\/p>\n","protected":false},"author":1,"featured_media":0,"parent":0,"menu_order":0,"comment_status":"closed","ping_status":"closed","template":"apie-mus-full-template.php","meta":{"_acf_changed":false,"footnotes":""},"class_list":["post-42658","page","type-page","status-publish","hentry"],"acf":[],"yoast_head":"<!-- This site is optimized with the Yoast SEO Premium plugin v27.1 (Yoast SEO v27.5) - https:\/\/yoast.com\/product\/yoast-seo-premium-wordpress\/ -->\n<title>Arbeitnehmer\u00fcberlassung | \u00dcber uns - HireLabas Group<\/title>\n<meta name=\"description\" content=\"Auch bei der Thematik Arbeitnehmer\u00fcberlassung Ausland oder bei der generellen Hilfe von der Zeitarbeit aus dem Ausland helfen wir Ihnen\" \/>\n<meta name=\"robots\" content=\"index, follow, max-snippet:-1, max-image-preview:large, max-video-preview:-1\" \/>\n<link rel=\"canonical\" href=\"https:\/\/hirelabas.lt\/de\/ueber-uns\/\" \/>\n<meta property=\"og:locale\" content=\"de_DE\" \/>\n<meta property=\"og:type\" content=\"article\" \/>\n<meta property=\"og:title\" content=\"\u00dcber uns\" \/>\n<meta property=\"og:description\" content=\"Auch bei der Thematik Arbeitnehmer\u00fcberlassung Ausland oder bei der generellen Hilfe von der Zeitarbeit aus dem Ausland helfen wir Ihnen\" \/>\n<meta property=\"og:url\" content=\"https:\/\/hirelabas.lt\/de\/ueber-uns\/\" \/>\n<meta property=\"og:site_name\" content=\"HireLabas group\" \/>\n<meta property=\"article:modified_time\" content=\"2023-03-30T12:59:18+00:00\" \/>\n<meta property=\"og:image\" content=\"https:\/\/hirelabas.lt\/wp-content\/uploads\/2021\/10\/hirelabas-group.png\" \/>\n\t<meta property=\"og:image:width\" content=\"600\" \/>\n\t<meta property=\"og:image:height\" content=\"500\" \/>\n\t<meta property=\"og:image:type\" content=\"image\/png\" \/>\n<meta name=\"twitter:card\" content=\"summary_large_image\" \/>\n<meta name=\"twitter:label1\" content=\"Gesch\u00e4tzte Lesezeit\" \/>\n\t<meta name=\"twitter:data1\" content=\"2\u00a0Minuten\" \/>\n<script type=\"application\/ld+json\" class=\"yoast-schema-graph\">{\"@context\":\"https:\\\/\\\/schema.org\",\"@graph\":[{\"@type\":\"WebPage\",\"@id\":\"https:\\\/\\\/hirelabas.lt\\\/de\\\/ueber-uns\\\/\",\"url\":\"https:\\\/\\\/hirelabas.lt\\\/de\\\/ueber-uns\\\/\",\"name\":\"Arbeitnehmer\u00fcberlassung | \u00dcber uns - HireLabas Group\",\"isPartOf\":{\"@id\":\"https:\\\/\\\/hirelabas.lt\\\/#website\"},\"datePublished\":\"2021-06-26T14:38:11+00:00\",\"dateModified\":\"2023-03-30T12:59:18+00:00\",\"description\":\"Auch bei der Thematik Arbeitnehmer\u00fcberlassung Ausland oder bei der generellen Hilfe von der Zeitarbeit aus dem Ausland helfen wir Ihnen\",\"breadcrumb\":{\"@id\":\"https:\\\/\\\/hirelabas.lt\\\/de\\\/ueber-uns\\\/#breadcrumb\"},\"inLanguage\":\"de\",\"potentialAction\":[{\"@type\":\"ReadAction\",\"target\":[\"https:\\\/\\\/hirelabas.lt\\\/de\\\/ueber-uns\\\/\"]}]},{\"@type\":\"BreadcrumbList\",\"@id\":\"https:\\\/\\\/hirelabas.lt\\\/de\\\/ueber-uns\\\/#breadcrumb\",\"itemListElement\":[{\"@type\":\"ListItem\",\"position\":1,\"name\":\"Home\",\"item\":\"https:\\\/\\\/hirelabas.lt\\\/de\\\/\"},{\"@type\":\"ListItem\",\"position\":2,\"name\":\"\u00dcber uns\"}]},{\"@type\":\"WebSite\",\"@id\":\"https:\\\/\\\/hirelabas.lt\\\/#website\",\"url\":\"https:\\\/\\\/hirelabas.lt\\\/\",\"name\":\"HireLabas group\",\"description\":\"\",\"publisher\":{\"@id\":\"https:\\\/\\\/hirelabas.lt\\\/#organization\"},\"potentialAction\":[{\"@type\":\"SearchAction\",\"target\":{\"@type\":\"EntryPoint\",\"urlTemplate\":\"https:\\\/\\\/hirelabas.lt\\\/?s={search_term_string}\"},\"query-input\":{\"@type\":\"PropertyValueSpecification\",\"valueRequired\":true,\"valueName\":\"search_term_string\"}}],\"inLanguage\":\"de\"},{\"@type\":\"Organization\",\"@id\":\"https:\\\/\\\/hirelabas.lt\\\/#organization\",\"name\":\"HireLabas group\",\"url\":\"https:\\\/\\\/hirelabas.lt\\\/\",\"logo\":{\"@type\":\"ImageObject\",\"inLanguage\":\"de\",\"@id\":\"https:\\\/\\\/hirelabas.lt\\\/#\\\/schema\\\/logo\\\/image\\\/\",\"url\":\"https:\\\/\\\/hirelabas.lt\\\/wp-content\\\/uploads\\\/2021\\\/05\\\/hirelabas-grupe-lt-300x203-1.png\",\"contentUrl\":\"https:\\\/\\\/hirelabas.lt\\\/wp-content\\\/uploads\\\/2021\\\/05\\\/hirelabas-grupe-lt-300x203-1.png\",\"width\":300,\"height\":203,\"caption\":\"HireLabas group\"},\"image\":{\"@id\":\"https:\\\/\\\/hirelabas.lt\\\/#\\\/schema\\\/logo\\\/image\\\/\"}}]}<\/script>\n<!-- \/ Yoast SEO Premium plugin. -->","yoast_head_json":{"title":"Arbeitnehmer\u00fcberlassung | \u00dcber uns - HireLabas Group","description":"Auch bei der Thematik Arbeitnehmer\u00fcberlassung Ausland oder bei der generellen Hilfe von der Zeitarbeit aus dem Ausland helfen wir Ihnen","robots":{"index":"index","follow":"follow","max-snippet":"max-snippet:-1","max-image-preview":"max-image-preview:large","max-video-preview":"max-video-preview:-1"},"canonical":"https:\/\/hirelabas.lt\/de\/ueber-uns\/","og_locale":"de_DE","og_type":"article","og_title":"\u00dcber uns","og_description":"Auch bei der Thematik Arbeitnehmer\u00fcberlassung Ausland oder bei der generellen Hilfe von der Zeitarbeit aus dem Ausland helfen wir Ihnen","og_url":"https:\/\/hirelabas.lt\/de\/ueber-uns\/","og_site_name":"HireLabas group","article_modified_time":"2023-03-30T12:59:18+00:00","og_image":[{"width":600,"height":500,"url":"https:\/\/hirelabas.lt\/wp-content\/uploads\/2021\/10\/hirelabas-group.png","type":"image\/png"}],"twitter_card":"summary_large_image","twitter_misc":{"Gesch\u00e4tzte Lesezeit":"2\u00a0Minuten"},"schema":{"@context":"https:\/\/schema.org","@graph":[{"@type":"WebPage","@id":"https:\/\/hirelabas.lt\/de\/ueber-uns\/","url":"https:\/\/hirelabas.lt\/de\/ueber-uns\/","name":"Arbeitnehmer\u00fcberlassung | \u00dcber uns - HireLabas Group","isPartOf":{"@id":"https:\/\/hirelabas.lt\/#website"},"datePublished":"2021-06-26T14:38:11+00:00","dateModified":"2023-03-30T12:59:18+00:00","description":"Auch bei der Thematik Arbeitnehmer\u00fcberlassung Ausland oder bei der generellen Hilfe von der Zeitarbeit aus dem Ausland helfen wir Ihnen","breadcrumb":{"@id":"https:\/\/hirelabas.lt\/de\/ueber-uns\/#breadcrumb"},"inLanguage":"de","potentialAction":[{"@type":"ReadAction","target":["https:\/\/hirelabas.lt\/de\/ueber-uns\/"]}]},{"@type":"BreadcrumbList","@id":"https:\/\/hirelabas.lt\/de\/ueber-uns\/#breadcrumb","itemListElement":[{"@type":"ListItem","position":1,"name":"Home","item":"https:\/\/hirelabas.lt\/de\/"},{"@type":"ListItem","position":2,"name":"\u00dcber uns"}]},{"@type":"WebSite","@id":"https:\/\/hirelabas.lt\/#website","url":"https:\/\/hirelabas.lt\/","name":"HireLabas group","description":"","publisher":{"@id":"https:\/\/hirelabas.lt\/#organization"},"potentialAction":[{"@type":"SearchAction","target":{"@type":"EntryPoint","urlTemplate":"https:\/\/hirelabas.lt\/?s={search_term_string}"},"query-input":{"@type":"PropertyValueSpecification","valueRequired":true,"valueName":"search_term_string"}}],"inLanguage":"de"},{"@type":"Organization","@id":"https:\/\/hirelabas.lt\/#organization","name":"HireLabas group","url":"https:\/\/hirelabas.lt\/","logo":{"@type":"ImageObject","inLanguage":"de","@id":"https:\/\/hirelabas.lt\/#\/schema\/logo\/image\/","url":"https:\/\/hirelabas.lt\/wp-content\/uploads\/2021\/05\/hirelabas-grupe-lt-300x203-1.png","contentUrl":"https:\/\/hirelabas.lt\/wp-content\/uploads\/2021\/05\/hirelabas-grupe-lt-300x203-1.png","width":300,"height":203,"caption":"HireLabas group"},"image":{"@id":"https:\/\/hirelabas.lt\/#\/schema\/logo\/image\/"}}]}},"_links":{"self":[{"href":"https:\/\/hirelabas.lt\/de\/wp-json\/wp\/v2\/pages\/42658","targetHints":{"allow":["GET"]}}],"collection":[{"href":"https:\/\/hirelabas.lt\/de\/wp-json\/wp\/v2\/pages"}],"about":[{"href":"https:\/\/hirelabas.lt\/de\/wp-json\/wp\/v2\/types\/page"}],"author":[{"embeddable":true,"href":"https:\/\/hirelabas.lt\/de\/wp-json\/wp\/v2\/users\/1"}],"replies":[{"embeddable":true,"href":"https:\/\/hirelabas.lt\/de\/wp-json\/wp\/v2\/comments?post=42658"}],"version-history":[{"count":9,"href":"https:\/\/hirelabas.lt\/de\/wp-json\/wp\/v2\/pages\/42658\/revisions"}],"predecessor-version":[{"id":48177,"href":"https:\/\/hirelabas.lt\/de\/wp-json\/wp\/v2\/pages\/42658\/revisions\/48177"}],"wp:attachment":[{"href":"https:\/\/hirelabas.lt\/de\/wp-json\/wp\/v2\/media?parent=42658"}],"curies":[{"name":"wp","href":"https:\/\/api.w.org\/{rel}","templated":true}]}}