{"id":42668,"date":"2021-06-26T14:41:45","date_gmt":"2021-06-26T14:41:45","guid":{"rendered":"http:\/\/hirelabas.lt\/?page_id=42668"},"modified":"2023-03-30T11:53:39","modified_gmt":"2023-03-30T08:53:39","slug":"zeitarbeit-fuer-unternehmen","status":"publish","type":"page","link":"https:\/\/hirelabas.lt\/de\/zeitarbeit-fuer-unternehmen\/","title":{"rendered":"F\u00fcr Unternehmen"},"content":{"rendered":"<h3>Was ist Zeitarbeit und was macht eine Zeitarbeitsfirma?<\/h3>\n<h4>SO HELFEN WIR IHNEN MIT UNSEREN DIENSTLEISTUNGEN<\/h4>\n<p>Bei der Zeitarbeit oder Leiharbeit handelt es sich um eine moderne und flexible Arbeitsform. Bei HireLabas Gruppe k\u00f6nnen Sie Personal kurz- oder langfristig nutzen und das f\u00fcr nahezu alle Branchen. Als flexibler Personalvermittler helfen wir Ihnen. Wir sind in Deutschland Ihre Anlaufstelle rund um das Thema Osteuropa Personalvermittlung. \u00a0 Wir bieten innovative Programme an und suchen die Leiharbeiter aus Litauen sorgf\u00e4ltig aus. So gew\u00e4hrleisten wir, dass Sie qualitativ hochwertige ausl\u00e4ndische Arbeitskr\u00e4fte erhalten gew\u00e4hlt wurden. Unsere Arbeitskr\u00e4fte aus Litauen verf\u00fcgen \u00fcber die notwendigen Eigenschaften, um Ihnen effektiv zu helfen. \u00a0 Unsere Mitarbeiter aus Litauen sind belastbar und k\u00f6nnen sich an die verschiedenen Bedingungen anpassen. Die Arbeitskosten sind geringer und das Personal aus Litauen ist schnell verf\u00fcgbar. Zuletzt \u00fcbernehmen wir auch das Thema Dokumentenverwaltung.<\/p>\n<p>Bei Personalengp\u00e4ssen oder Auftragsspitzen sorgen wir f\u00fcr personelle Unterst\u00fctzung f\u00fcr Ihr Unternehmen. Im Rahmen der Arbeitnehmer\u00fcberlassung, der sogenannten Zeitarbeit, stellen wir Ihnen schnell und unkompliziert flexibles Personal zur Verf\u00fcgung.<\/p>\n","protected":false},"excerpt":{"rendered":"<p>Was ist Zeitarbeit und was macht eine Zeitarbeitsfirma? SO HELFEN WIR IHNEN MIT UNSEREN DIENSTLEISTUNGEN Bei der Zeitarbeit oder Leiharbeit handelt es sich um eine moderne und flexible Arbeitsform. Bei HireLabas Gruppe k\u00f6nnen Sie Personal kurz- oder langfristig nutzen und das f\u00fcr nahezu alle Branchen. Als flexibler Personalvermittler helfen wir Ihnen. Wir sind in Deutschland [&hellip;]<\/p>\n","protected":false},"author":1,"featured_media":47807,"parent":0,"menu_order":0,"comment_status":"closed","ping_status":"closed","template":"apie-mus-template.php","meta":{"_acf_changed":false,"footnotes":""},"class_list":["post-42668","page","type-page","status-publish","has-post-thumbnail","hentry"],"acf":[],"yoast_head":"<!-- This site is optimized with the Yoast SEO Premium plugin v27.1 (Yoast SEO v27.6) - https:\/\/yoast.com\/product\/yoast-seo-premium-wordpress\/ -->\n<title>Was ist Zeitarbeit und was macht eine Zeitarbeitsfirma? | HireLabas<\/title>\n<meta name=\"description\" content=\"Bei der Zeitarbeit oder Leiharbeit handelt es sich um eine moderne und flexible Arbeitsform. Wir liefern Arbeitskr\u00e4fte aus Litauen.\" \/>\n<meta name=\"robots\" content=\"index, follow, max-snippet:-1, max-image-preview:large, max-video-preview:-1\" \/>\n<link rel=\"canonical\" href=\"https:\/\/hirelabas.lt\/de\/zeitarbeit-fuer-unternehmen\/\" \/>\n<meta property=\"og:locale\" content=\"de_DE\" \/>\n<meta property=\"og:type\" content=\"article\" \/>\n<meta property=\"og:title\" content=\"F\u00fcr Unternehmen\" \/>\n<meta property=\"og:description\" content=\"Bei der Zeitarbeit oder Leiharbeit handelt es sich um eine moderne und flexible Arbeitsform. Wir liefern Arbeitskr\u00e4fte aus Litauen.\" \/>\n<meta property=\"og:url\" content=\"https:\/\/hirelabas.lt\/de\/zeitarbeit-fuer-unternehmen\/\" \/>\n<meta property=\"og:site_name\" content=\"HireLabas group\" \/>\n<meta property=\"article:modified_time\" content=\"2023-03-30T08:53:39+00:00\" \/>\n<meta property=\"og:image\" content=\"https:\/\/hirelabas.lt\/wp-content\/uploads\/2023\/03\/rsz_1rsz_depositphotos_31463497_s-2019.jpg\" \/>\n\t<meta property=\"og:image:width\" content=\"236\" \/>\n\t<meta property=\"og:image:height\" content=\"376\" \/>\n\t<meta property=\"og:image:type\" content=\"image\/jpeg\" \/>\n<meta name=\"twitter:card\" content=\"summary_large_image\" \/>\n<meta name=\"twitter:label1\" content=\"Gesch\u00e4tzte Lesezeit\" \/>\n\t<meta name=\"twitter:data1\" content=\"1\u00a0Minute\" \/>\n<script type=\"application\/ld+json\" class=\"yoast-schema-graph\">{\"@context\":\"https:\\\/\\\/schema.org\",\"@graph\":[{\"@type\":\"WebPage\",\"@id\":\"https:\\\/\\\/hirelabas.lt\\\/de\\\/zeitarbeit-fuer-unternehmen\\\/\",\"url\":\"https:\\\/\\\/hirelabas.lt\\\/de\\\/zeitarbeit-fuer-unternehmen\\\/\",\"name\":\"Was ist Zeitarbeit und was macht eine Zeitarbeitsfirma? | HireLabas\",\"isPartOf\":{\"@id\":\"https:\\\/\\\/hirelabas.lt\\\/#website\"},\"primaryImageOfPage\":{\"@id\":\"https:\\\/\\\/hirelabas.lt\\\/de\\\/zeitarbeit-fuer-unternehmen\\\/#primaryimage\"},\"image\":{\"@id\":\"https:\\\/\\\/hirelabas.lt\\\/de\\\/zeitarbeit-fuer-unternehmen\\\/#primaryimage\"},\"thumbnailUrl\":\"https:\\\/\\\/hirelabas.lt\\\/wp-content\\\/uploads\\\/2023\\\/03\\\/rsz_1rsz_depositphotos_31463497_s-2019.jpg\",\"datePublished\":\"2021-06-26T14:41:45+00:00\",\"dateModified\":\"2023-03-30T08:53:39+00:00\",\"description\":\"Bei der Zeitarbeit oder Leiharbeit handelt es sich um eine moderne und flexible Arbeitsform. Wir liefern Arbeitskr\u00e4fte aus Litauen.\",\"breadcrumb\":{\"@id\":\"https:\\\/\\\/hirelabas.lt\\\/de\\\/zeitarbeit-fuer-unternehmen\\\/#breadcrumb\"},\"inLanguage\":\"de\",\"potentialAction\":[{\"@type\":\"ReadAction\",\"target\":[\"https:\\\/\\\/hirelabas.lt\\\/de\\\/zeitarbeit-fuer-unternehmen\\\/\"]}]},{\"@type\":\"ImageObject\",\"inLanguage\":\"de\",\"@id\":\"https:\\\/\\\/hirelabas.lt\\\/de\\\/zeitarbeit-fuer-unternehmen\\\/#primaryimage\",\"url\":\"https:\\\/\\\/hirelabas.lt\\\/wp-content\\\/uploads\\\/2023\\\/03\\\/rsz_1rsz_depositphotos_31463497_s-2019.jpg\",\"contentUrl\":\"https:\\\/\\\/hirelabas.lt\\\/wp-content\\\/uploads\\\/2023\\\/03\\\/rsz_1rsz_depositphotos_31463497_s-2019.jpg\",\"width\":236,\"height\":376,\"caption\":\"Was ist Zeitarbeit und was macht eine Zeitarbeitsfirma\"},{\"@type\":\"BreadcrumbList\",\"@id\":\"https:\\\/\\\/hirelabas.lt\\\/de\\\/zeitarbeit-fuer-unternehmen\\\/#breadcrumb\",\"itemListElement\":[{\"@type\":\"ListItem\",\"position\":1,\"name\":\"Home\",\"item\":\"https:\\\/\\\/hirelabas.lt\\\/de\\\/\"},{\"@type\":\"ListItem\",\"position\":2,\"name\":\"F\u00fcr Unternehmen\"}]},{\"@type\":\"WebSite\",\"@id\":\"https:\\\/\\\/hirelabas.lt\\\/#website\",\"url\":\"https:\\\/\\\/hirelabas.lt\\\/\",\"name\":\"HireLabas group\",\"description\":\"\",\"publisher\":{\"@id\":\"https:\\\/\\\/hirelabas.lt\\\/#organization\"},\"potentialAction\":[{\"@type\":\"SearchAction\",\"target\":{\"@type\":\"EntryPoint\",\"urlTemplate\":\"https:\\\/\\\/hirelabas.lt\\\/?s={search_term_string}\"},\"query-input\":{\"@type\":\"PropertyValueSpecification\",\"valueRequired\":true,\"valueName\":\"search_term_string\"}}],\"inLanguage\":\"de\"},{\"@type\":\"Organization\",\"@id\":\"https:\\\/\\\/hirelabas.lt\\\/#organization\",\"name\":\"HireLabas group\",\"url\":\"https:\\\/\\\/hirelabas.lt\\\/\",\"logo\":{\"@type\":\"ImageObject\",\"inLanguage\":\"de\",\"@id\":\"https:\\\/\\\/hirelabas.lt\\\/#\\\/schema\\\/logo\\\/image\\\/\",\"url\":\"https:\\\/\\\/hirelabas.lt\\\/wp-content\\\/uploads\\\/2021\\\/05\\\/hirelabas-grupe-lt-300x203-1.png\",\"contentUrl\":\"https:\\\/\\\/hirelabas.lt\\\/wp-content\\\/uploads\\\/2021\\\/05\\\/hirelabas-grupe-lt-300x203-1.png\",\"width\":300,\"height\":203,\"caption\":\"HireLabas group\"},\"image\":{\"@id\":\"https:\\\/\\\/hirelabas.lt\\\/#\\\/schema\\\/logo\\\/image\\\/\"}}]}<\/script>\n<!-- \/ Yoast SEO Premium plugin. -->","yoast_head_json":{"title":"Was ist Zeitarbeit und was macht eine Zeitarbeitsfirma? | HireLabas","description":"Bei der Zeitarbeit oder Leiharbeit handelt es sich um eine moderne und flexible Arbeitsform. Wir liefern Arbeitskr\u00e4fte aus Litauen.","robots":{"index":"index","follow":"follow","max-snippet":"max-snippet:-1","max-image-preview":"max-image-preview:large","max-video-preview":"max-video-preview:-1"},"canonical":"https:\/\/hirelabas.lt\/de\/zeitarbeit-fuer-unternehmen\/","og_locale":"de_DE","og_type":"article","og_title":"F\u00fcr Unternehmen","og_description":"Bei der Zeitarbeit oder Leiharbeit handelt es sich um eine moderne und flexible Arbeitsform. Wir liefern Arbeitskr\u00e4fte aus Litauen.","og_url":"https:\/\/hirelabas.lt\/de\/zeitarbeit-fuer-unternehmen\/","og_site_name":"HireLabas group","article_modified_time":"2023-03-30T08:53:39+00:00","og_image":[{"width":236,"height":376,"url":"https:\/\/hirelabas.lt\/wp-content\/uploads\/2023\/03\/rsz_1rsz_depositphotos_31463497_s-2019.jpg","type":"image\/jpeg"}],"twitter_card":"summary_large_image","twitter_misc":{"Gesch\u00e4tzte Lesezeit":"1\u00a0Minute"},"schema":{"@context":"https:\/\/schema.org","@graph":[{"@type":"WebPage","@id":"https:\/\/hirelabas.lt\/de\/zeitarbeit-fuer-unternehmen\/","url":"https:\/\/hirelabas.lt\/de\/zeitarbeit-fuer-unternehmen\/","name":"Was ist Zeitarbeit und was macht eine Zeitarbeitsfirma? | HireLabas","isPartOf":{"@id":"https:\/\/hirelabas.lt\/#website"},"primaryImageOfPage":{"@id":"https:\/\/hirelabas.lt\/de\/zeitarbeit-fuer-unternehmen\/#primaryimage"},"image":{"@id":"https:\/\/hirelabas.lt\/de\/zeitarbeit-fuer-unternehmen\/#primaryimage"},"thumbnailUrl":"https:\/\/hirelabas.lt\/wp-content\/uploads\/2023\/03\/rsz_1rsz_depositphotos_31463497_s-2019.jpg","datePublished":"2021-06-26T14:41:45+00:00","dateModified":"2023-03-30T08:53:39+00:00","description":"Bei der Zeitarbeit oder Leiharbeit handelt es sich um eine moderne und flexible Arbeitsform. Wir liefern Arbeitskr\u00e4fte aus Litauen.","breadcrumb":{"@id":"https:\/\/hirelabas.lt\/de\/zeitarbeit-fuer-unternehmen\/#breadcrumb"},"inLanguage":"de","potentialAction":[{"@type":"ReadAction","target":["https:\/\/hirelabas.lt\/de\/zeitarbeit-fuer-unternehmen\/"]}]},{"@type":"ImageObject","inLanguage":"de","@id":"https:\/\/hirelabas.lt\/de\/zeitarbeit-fuer-unternehmen\/#primaryimage","url":"https:\/\/hirelabas.lt\/wp-content\/uploads\/2023\/03\/rsz_1rsz_depositphotos_31463497_s-2019.jpg","contentUrl":"https:\/\/hirelabas.lt\/wp-content\/uploads\/2023\/03\/rsz_1rsz_depositphotos_31463497_s-2019.jpg","width":236,"height":376,"caption":"Was ist Zeitarbeit und was macht eine Zeitarbeitsfirma"},{"@type":"BreadcrumbList","@id":"https:\/\/hirelabas.lt\/de\/zeitarbeit-fuer-unternehmen\/#breadcrumb","itemListElement":[{"@type":"ListItem","position":1,"name":"Home","item":"https:\/\/hirelabas.lt\/de\/"},{"@type":"ListItem","position":2,"name":"F\u00fcr Unternehmen"}]},{"@type":"WebSite","@id":"https:\/\/hirelabas.lt\/#website","url":"https:\/\/hirelabas.lt\/","name":"HireLabas group","description":"","publisher":{"@id":"https:\/\/hirelabas.lt\/#organization"},"potentialAction":[{"@type":"SearchAction","target":{"@type":"EntryPoint","urlTemplate":"https:\/\/hirelabas.lt\/?s={search_term_string}"},"query-input":{"@type":"PropertyValueSpecification","valueRequired":true,"valueName":"search_term_string"}}],"inLanguage":"de"},{"@type":"Organization","@id":"https:\/\/hirelabas.lt\/#organization","name":"HireLabas group","url":"https:\/\/hirelabas.lt\/","logo":{"@type":"ImageObject","inLanguage":"de","@id":"https:\/\/hirelabas.lt\/#\/schema\/logo\/image\/","url":"https:\/\/hirelabas.lt\/wp-content\/uploads\/2021\/05\/hirelabas-grupe-lt-300x203-1.png","contentUrl":"https:\/\/hirelabas.lt\/wp-content\/uploads\/2021\/05\/hirelabas-grupe-lt-300x203-1.png","width":300,"height":203,"caption":"HireLabas group"},"image":{"@id":"https:\/\/hirelabas.lt\/#\/schema\/logo\/image\/"}}]}},"_links":{"self":[{"href":"https:\/\/hirelabas.lt\/de\/wp-json\/wp\/v2\/pages\/42668","targetHints":{"allow":["GET"]}}],"collection":[{"href":"https:\/\/hirelabas.lt\/de\/wp-json\/wp\/v2\/pages"}],"about":[{"href":"https:\/\/hirelabas.lt\/de\/wp-json\/wp\/v2\/types\/page"}],"author":[{"embeddable":true,"href":"https:\/\/hirelabas.lt\/de\/wp-json\/wp\/v2\/users\/1"}],"replies":[{"embeddable":true,"href":"https:\/\/hirelabas.lt\/de\/wp-json\/wp\/v2\/comments?post=42668"}],"version-history":[{"count":6,"href":"https:\/\/hirelabas.lt\/de\/wp-json\/wp\/v2\/pages\/42668\/revisions"}],"predecessor-version":[{"id":48148,"href":"https:\/\/hirelabas.lt\/de\/wp-json\/wp\/v2\/pages\/42668\/revisions\/48148"}],"wp:featuredmedia":[{"embeddable":true,"href":"https:\/\/hirelabas.lt\/de\/wp-json\/wp\/v2\/media\/47807"}],"wp:attachment":[{"href":"https:\/\/hirelabas.lt\/de\/wp-json\/wp\/v2\/media?parent=42668"}],"curies":[{"name":"wp","href":"https:\/\/api.w.org\/{rel}","templated":true}]}}