{"id":47858,"date":"2023-03-23T20:50:11","date_gmt":"2023-03-23T18:50:11","guid":{"rendered":"https:\/\/hirelabas.lt\/?page_id=47858"},"modified":"2023-03-30T15:29:08","modified_gmt":"2023-03-30T12:29:08","slug":"ukrainische-mitarbeiter","status":"publish","type":"page","link":"https:\/\/hirelabas.lt\/de\/ukrainische-mitarbeiter\/","title":{"rendered":"Ukrainische Mitarbeiter"},"content":{"rendered":"<p>Ukrainische Mitarbeiter im eigenen Unternehmen zu haben ist nicht nur eine sehr lukrative Angelegenheit, sondern\u00a0erspart Ihnen es nach deutschen Mitarbeitern f\u00fcr kurz mittel oder langfristige Stellen zu suchen.<\/p>\n<p>Damit sie m\u00f6glichst wenig Aufwand mit den Arbeitern haben, \u00fcbernehmen wir f\u00fcr Sie die Regelung aller Rahmenbedingungen zur Einstellung. Dazu z\u00e4hlt, dass wir das deutsche Visa f\u00fcr die Fachkr\u00e4fte beantragen und f\u00fcr Sie entsprechend geschultes Personal in der Ukraine suchen. Ebenfalls werden weitere Zertifikate und Dokumente, wenn n\u00f6tig, direkt mitgebracht, so dass die Arbeiter bei ihnen nur noch angestellt und der Versicherung gemeldet werden m\u00fcssen um mit der T\u00e4tigkeit zu beginnen.<\/p>\n<p><img loading=\"lazy\" decoding=\"async\" class=\"alignnone wp-image-48153 size-medium\" src=\"https:\/\/hirelabas.lt\/wp-content\/uploads\/2023\/03\/Ukrainische-Mitarbeiter-300x196.png\" alt=\"Ukrainische Mitarbeiter Vermittlung. Unsere Leistungen reichen von der Arbeitskr\u00e4ftesuche in allen Regionen und Berufsgruppen in der Ukraine\" width=\"300\" height=\"196\" srcset=\"https:\/\/hirelabas.lt\/wp-content\/uploads\/2023\/03\/Ukrainische-Mitarbeiter-300x196.png 300w, https:\/\/hirelabas.lt\/wp-content\/uploads\/2023\/03\/Ukrainische-Mitarbeiter-1024x670.png 1024w, https:\/\/hirelabas.lt\/wp-content\/uploads\/2023\/03\/Ukrainische-Mitarbeiter-768x502.png 768w, https:\/\/hirelabas.lt\/wp-content\/uploads\/2023\/03\/Ukrainische-Mitarbeiter-1536x1005.png 1536w, https:\/\/hirelabas.lt\/wp-content\/uploads\/2023\/03\/Ukrainische-Mitarbeiter-130x85.png 130w, https:\/\/hirelabas.lt\/wp-content\/uploads\/2023\/03\/Ukrainische-Mitarbeiter-540x353.png 540w, https:\/\/hirelabas.lt\/wp-content\/uploads\/2023\/03\/Ukrainische-Mitarbeiter.png 2000w\" sizes=\"auto, (max-width: 300px) 100vw, 300px\" \/><\/p>\n<h3>Beantragung des Visums f\u00fcr die von uns vermittelten Arbeitskr\u00e4fte aus der Ukraine<\/h3>\n<p>M\u00f6glicherweise kennen sie sich gar nicht so genau mit der rechtlichen Lage und der Beantragung\u00a0des Visums f\u00fcr das ukrainische Personal aus. Das ist allerdings kein Problem, da mit unserem All-in-One Service k\u00f6nnen wir Ihnen anbieten dieses f\u00fcr die Arbeitskr\u00e4fte direkt mit zu erledigen. Wir kennen dabei alle n\u00f6tigen Stellen, welche angesprochen werden m\u00fcssen um das Visum in m\u00f6glichst kurzer Zeit f\u00fcr die entsprechende Arbeitskraft zu erlangen und aufrecht zu erhalten. Zum einen sichern wir dabei ab, dass der richtige Typ des Visums ausgestellt wird, wodurch sie langfristig von den Arbeitnehmern profitieren k\u00f6nnen, als auch die vollst\u00e4ndige Vertretung Ihrer Interessen vor den zust\u00e4ndigen Beh\u00f6rden. Gerne \u00fcbernehmen wir f\u00fcr Sie dabei auch das Dolmetschen zum besseren Kontakt mit ihren zuk\u00fcnftigen Arbeitnehmern und liefern Ihnen dabei vielseitige Kommunikationsdienstleistungen vor- und w\u00e4hrend der Arbeitszeit der Angestellten.<\/p>\n<p><strong>Leiharbeiter aus der Ukraine sind daher eine tolle L\u00f6sung f\u00fcr kurzfristige Personalperschaffung.<\/strong><\/p>\n<p>&nbsp;<\/p>\n","protected":false},"excerpt":{"rendered":"<p>Ukrainische Mitarbeiter im eigenen Unternehmen zu haben ist nicht nur eine sehr lukrative Angelegenheit, sondern\u00a0erspart Ihnen es nach deutschen Mitarbeitern f\u00fcr kurz mittel oder langfristige Stellen zu suchen. Damit sie m\u00f6glichst wenig Aufwand mit den Arbeitern haben, \u00fcbernehmen wir f\u00fcr Sie die Regelung aller Rahmenbedingungen zur Einstellung. Dazu z\u00e4hlt, dass wir das deutsche Visa f\u00fcr [&hellip;]<\/p>\n","protected":false},"author":1,"featured_media":0,"parent":0,"menu_order":0,"comment_status":"closed","ping_status":"closed","template":"darbuotojai-is-ua-template.php","meta":{"_acf_changed":false,"footnotes":""},"class_list":["post-47858","page","type-page","status-publish","hentry"],"acf":[],"yoast_head":"<!-- This site is optimized with the Yoast SEO Premium plugin v27.1 (Yoast SEO v27.4) - https:\/\/yoast.com\/product\/yoast-seo-premium-wordpress\/ -->\n<title>Ukrainische Mitarbeiter | HireLabas Group<\/title>\n<meta name=\"description\" content=\"Ukrainische Mitarbeiter Vermittlung. Unsere Leistungen reichen von der Arbeitskr\u00e4ftesuche in allen Regionen und Berufsgruppen in der Ukraine\" \/>\n<meta name=\"robots\" content=\"index, follow, max-snippet:-1, max-image-preview:large, max-video-preview:-1\" \/>\n<link rel=\"canonical\" href=\"https:\/\/hirelabas.lt\/de\/ukrainische-mitarbeiter\/\" \/>\n<meta property=\"og:locale\" content=\"de_DE\" \/>\n<meta property=\"og:type\" content=\"article\" \/>\n<meta property=\"og:title\" content=\"Ukrainische Mitarbeiter\" \/>\n<meta property=\"og:description\" content=\"Ukrainische Mitarbeiter Vermittlung. Unsere Leistungen reichen von der Arbeitskr\u00e4ftesuche in allen Regionen und Berufsgruppen in der Ukraine\" \/>\n<meta property=\"og:url\" content=\"https:\/\/hirelabas.lt\/de\/ukrainische-mitarbeiter\/\" \/>\n<meta property=\"og:site_name\" content=\"HireLabas group\" \/>\n<meta property=\"article:modified_time\" content=\"2023-03-30T12:29:08+00:00\" \/>\n<meta property=\"og:image\" content=\"https:\/\/hirelabas.lt\/wp-content\/uploads\/2023\/03\/Ukrainische-Mitarbeiter-300x196.png\" \/>\n<meta name=\"twitter:card\" content=\"summary_large_image\" \/>\n<meta name=\"twitter:label1\" content=\"Gesch\u00e4tzte Lesezeit\" \/>\n\t<meta name=\"twitter:data1\" content=\"2\u00a0Minuten\" \/>\n<script type=\"application\/ld+json\" class=\"yoast-schema-graph\">{\"@context\":\"https:\\\/\\\/schema.org\",\"@graph\":[{\"@type\":\"WebPage\",\"@id\":\"https:\\\/\\\/hirelabas.lt\\\/de\\\/ukrainische-mitarbeiter\\\/\",\"url\":\"https:\\\/\\\/hirelabas.lt\\\/de\\\/ukrainische-mitarbeiter\\\/\",\"name\":\"Ukrainische Mitarbeiter | HireLabas Group\",\"isPartOf\":{\"@id\":\"https:\\\/\\\/hirelabas.lt\\\/#website\"},\"primaryImageOfPage\":{\"@id\":\"https:\\\/\\\/hirelabas.lt\\\/de\\\/ukrainische-mitarbeiter\\\/#primaryimage\"},\"image\":{\"@id\":\"https:\\\/\\\/hirelabas.lt\\\/de\\\/ukrainische-mitarbeiter\\\/#primaryimage\"},\"thumbnailUrl\":\"https:\\\/\\\/hirelabas.lt\\\/wp-content\\\/uploads\\\/2023\\\/03\\\/Ukrainische-Mitarbeiter-300x196.png\",\"datePublished\":\"2023-03-23T18:50:11+00:00\",\"dateModified\":\"2023-03-30T12:29:08+00:00\",\"description\":\"Ukrainische Mitarbeiter Vermittlung. Unsere Leistungen reichen von der Arbeitskr\u00e4ftesuche in allen Regionen und Berufsgruppen in der Ukraine\",\"breadcrumb\":{\"@id\":\"https:\\\/\\\/hirelabas.lt\\\/de\\\/ukrainische-mitarbeiter\\\/#breadcrumb\"},\"inLanguage\":\"de\",\"potentialAction\":[{\"@type\":\"ReadAction\",\"target\":[\"https:\\\/\\\/hirelabas.lt\\\/de\\\/ukrainische-mitarbeiter\\\/\"]}]},{\"@type\":\"ImageObject\",\"inLanguage\":\"de\",\"@id\":\"https:\\\/\\\/hirelabas.lt\\\/de\\\/ukrainische-mitarbeiter\\\/#primaryimage\",\"url\":\"https:\\\/\\\/hirelabas.lt\\\/wp-content\\\/uploads\\\/2023\\\/03\\\/Ukrainische-Mitarbeiter-300x196.png\",\"contentUrl\":\"https:\\\/\\\/hirelabas.lt\\\/wp-content\\\/uploads\\\/2023\\\/03\\\/Ukrainische-Mitarbeiter-300x196.png\"},{\"@type\":\"BreadcrumbList\",\"@id\":\"https:\\\/\\\/hirelabas.lt\\\/de\\\/ukrainische-mitarbeiter\\\/#breadcrumb\",\"itemListElement\":[{\"@type\":\"ListItem\",\"position\":1,\"name\":\"Home\",\"item\":\"https:\\\/\\\/hirelabas.lt\\\/de\\\/\"},{\"@type\":\"ListItem\",\"position\":2,\"name\":\"Ukrainische Mitarbeiter\"}]},{\"@type\":\"WebSite\",\"@id\":\"https:\\\/\\\/hirelabas.lt\\\/#website\",\"url\":\"https:\\\/\\\/hirelabas.lt\\\/\",\"name\":\"HireLabas group\",\"description\":\"\",\"publisher\":{\"@id\":\"https:\\\/\\\/hirelabas.lt\\\/#organization\"},\"potentialAction\":[{\"@type\":\"SearchAction\",\"target\":{\"@type\":\"EntryPoint\",\"urlTemplate\":\"https:\\\/\\\/hirelabas.lt\\\/?s={search_term_string}\"},\"query-input\":{\"@type\":\"PropertyValueSpecification\",\"valueRequired\":true,\"valueName\":\"search_term_string\"}}],\"inLanguage\":\"de\"},{\"@type\":\"Organization\",\"@id\":\"https:\\\/\\\/hirelabas.lt\\\/#organization\",\"name\":\"HireLabas group\",\"url\":\"https:\\\/\\\/hirelabas.lt\\\/\",\"logo\":{\"@type\":\"ImageObject\",\"inLanguage\":\"de\",\"@id\":\"https:\\\/\\\/hirelabas.lt\\\/#\\\/schema\\\/logo\\\/image\\\/\",\"url\":\"https:\\\/\\\/hirelabas.lt\\\/wp-content\\\/uploads\\\/2021\\\/05\\\/hirelabas-grupe-lt-300x203-1.png\",\"contentUrl\":\"https:\\\/\\\/hirelabas.lt\\\/wp-content\\\/uploads\\\/2021\\\/05\\\/hirelabas-grupe-lt-300x203-1.png\",\"width\":300,\"height\":203,\"caption\":\"HireLabas group\"},\"image\":{\"@id\":\"https:\\\/\\\/hirelabas.lt\\\/#\\\/schema\\\/logo\\\/image\\\/\"}}]}<\/script>\n<!-- \/ Yoast SEO Premium plugin. -->","yoast_head_json":{"title":"Ukrainische Mitarbeiter | HireLabas Group","description":"Ukrainische Mitarbeiter Vermittlung. Unsere Leistungen reichen von der Arbeitskr\u00e4ftesuche in allen Regionen und Berufsgruppen in der Ukraine","robots":{"index":"index","follow":"follow","max-snippet":"max-snippet:-1","max-image-preview":"max-image-preview:large","max-video-preview":"max-video-preview:-1"},"canonical":"https:\/\/hirelabas.lt\/de\/ukrainische-mitarbeiter\/","og_locale":"de_DE","og_type":"article","og_title":"Ukrainische Mitarbeiter","og_description":"Ukrainische Mitarbeiter Vermittlung. Unsere Leistungen reichen von der Arbeitskr\u00e4ftesuche in allen Regionen und Berufsgruppen in der Ukraine","og_url":"https:\/\/hirelabas.lt\/de\/ukrainische-mitarbeiter\/","og_site_name":"HireLabas group","article_modified_time":"2023-03-30T12:29:08+00:00","og_image":[{"url":"https:\/\/hirelabas.lt\/wp-content\/uploads\/2023\/03\/Ukrainische-Mitarbeiter-300x196.png","type":"","width":"","height":""}],"twitter_card":"summary_large_image","twitter_misc":{"Gesch\u00e4tzte Lesezeit":"2\u00a0Minuten"},"schema":{"@context":"https:\/\/schema.org","@graph":[{"@type":"WebPage","@id":"https:\/\/hirelabas.lt\/de\/ukrainische-mitarbeiter\/","url":"https:\/\/hirelabas.lt\/de\/ukrainische-mitarbeiter\/","name":"Ukrainische Mitarbeiter | HireLabas Group","isPartOf":{"@id":"https:\/\/hirelabas.lt\/#website"},"primaryImageOfPage":{"@id":"https:\/\/hirelabas.lt\/de\/ukrainische-mitarbeiter\/#primaryimage"},"image":{"@id":"https:\/\/hirelabas.lt\/de\/ukrainische-mitarbeiter\/#primaryimage"},"thumbnailUrl":"https:\/\/hirelabas.lt\/wp-content\/uploads\/2023\/03\/Ukrainische-Mitarbeiter-300x196.png","datePublished":"2023-03-23T18:50:11+00:00","dateModified":"2023-03-30T12:29:08+00:00","description":"Ukrainische Mitarbeiter Vermittlung. Unsere Leistungen reichen von der Arbeitskr\u00e4ftesuche in allen Regionen und Berufsgruppen in der Ukraine","breadcrumb":{"@id":"https:\/\/hirelabas.lt\/de\/ukrainische-mitarbeiter\/#breadcrumb"},"inLanguage":"de","potentialAction":[{"@type":"ReadAction","target":["https:\/\/hirelabas.lt\/de\/ukrainische-mitarbeiter\/"]}]},{"@type":"ImageObject","inLanguage":"de","@id":"https:\/\/hirelabas.lt\/de\/ukrainische-mitarbeiter\/#primaryimage","url":"https:\/\/hirelabas.lt\/wp-content\/uploads\/2023\/03\/Ukrainische-Mitarbeiter-300x196.png","contentUrl":"https:\/\/hirelabas.lt\/wp-content\/uploads\/2023\/03\/Ukrainische-Mitarbeiter-300x196.png"},{"@type":"BreadcrumbList","@id":"https:\/\/hirelabas.lt\/de\/ukrainische-mitarbeiter\/#breadcrumb","itemListElement":[{"@type":"ListItem","position":1,"name":"Home","item":"https:\/\/hirelabas.lt\/de\/"},{"@type":"ListItem","position":2,"name":"Ukrainische Mitarbeiter"}]},{"@type":"WebSite","@id":"https:\/\/hirelabas.lt\/#website","url":"https:\/\/hirelabas.lt\/","name":"HireLabas group","description":"","publisher":{"@id":"https:\/\/hirelabas.lt\/#organization"},"potentialAction":[{"@type":"SearchAction","target":{"@type":"EntryPoint","urlTemplate":"https:\/\/hirelabas.lt\/?s={search_term_string}"},"query-input":{"@type":"PropertyValueSpecification","valueRequired":true,"valueName":"search_term_string"}}],"inLanguage":"de"},{"@type":"Organization","@id":"https:\/\/hirelabas.lt\/#organization","name":"HireLabas group","url":"https:\/\/hirelabas.lt\/","logo":{"@type":"ImageObject","inLanguage":"de","@id":"https:\/\/hirelabas.lt\/#\/schema\/logo\/image\/","url":"https:\/\/hirelabas.lt\/wp-content\/uploads\/2021\/05\/hirelabas-grupe-lt-300x203-1.png","contentUrl":"https:\/\/hirelabas.lt\/wp-content\/uploads\/2021\/05\/hirelabas-grupe-lt-300x203-1.png","width":300,"height":203,"caption":"HireLabas group"},"image":{"@id":"https:\/\/hirelabas.lt\/#\/schema\/logo\/image\/"}}]}},"_links":{"self":[{"href":"https:\/\/hirelabas.lt\/de\/wp-json\/wp\/v2\/pages\/47858","targetHints":{"allow":["GET"]}}],"collection":[{"href":"https:\/\/hirelabas.lt\/de\/wp-json\/wp\/v2\/pages"}],"about":[{"href":"https:\/\/hirelabas.lt\/de\/wp-json\/wp\/v2\/types\/page"}],"author":[{"embeddable":true,"href":"https:\/\/hirelabas.lt\/de\/wp-json\/wp\/v2\/users\/1"}],"replies":[{"embeddable":true,"href":"https:\/\/hirelabas.lt\/de\/wp-json\/wp\/v2\/comments?post=47858"}],"version-history":[{"count":8,"href":"https:\/\/hirelabas.lt\/de\/wp-json\/wp\/v2\/pages\/47858\/revisions"}],"predecessor-version":[{"id":48163,"href":"https:\/\/hirelabas.lt\/de\/wp-json\/wp\/v2\/pages\/47858\/revisions\/48163"}],"wp:attachment":[{"href":"https:\/\/hirelabas.lt\/de\/wp-json\/wp\/v2\/media?parent=47858"}],"curies":[{"name":"wp","href":"https:\/\/api.w.org\/{rel}","templated":true}]}}