{"id":42792,"date":"2021-06-28T19:56:30","date_gmt":"2021-06-28T19:56:30","guid":{"rendered":"http:\/\/hirelabas.lt\/?page_id=42792"},"modified":"2023-03-23T23:59:53","modified_gmt":"2023-03-23T21:59:53","slug":"wspolpraca","status":"publish","type":"page","link":"https:\/\/hirelabas.lt\/pl\/wspolpraca\/","title":{"rendered":"Wsp\u00f3\u0142praca"},"content":{"rendered":"<p>Wynajem pracownik\u00f3w z Ukrainy | Rekrutacja pracownik\u00f3w &#8211; Rekrutacja pracownik\u00f3w z Ukrainy jest dominuj\u0105cym zakresem dzia\u0142alno\u015bci naszej firmy &#8211; Szybko!<\/p>\n<p>&nbsp;<\/p>\n","protected":false},"excerpt":{"rendered":"<p>Wynajem pracownik\u00f3w z Ukrainy | Rekrutacja pracownik\u00f3w &#8211; Rekrutacja pracownik\u00f3w z Ukrainy jest dominuj\u0105cym zakresem dzia\u0142alno\u015bci naszej firmy &#8211; Szybko! &nbsp;<\/p>\n","protected":false},"author":1,"featured_media":0,"parent":0,"menu_order":0,"comment_status":"closed","ping_status":"closed","template":"darbdaviams-template-without-image.php","meta":{"_acf_changed":false,"footnotes":""},"class_list":["post-42792","page","type-page","status-publish","hentry"],"acf":[],"yoast_head":"<!-- This site is optimized with the Yoast SEO Premium plugin v27.1 (Yoast SEO v27.4) - https:\/\/yoast.com\/product\/yoast-seo-premium-wordpress\/ -->\n<title>Wynajem pracownik\u00f3w z Ukrainy | Rekrutacja pracownik\u00f3w - HireLabas<\/title>\n<meta name=\"description\" content=\"Wynajem pracownik\u00f3w z Ukrainy | Rekrutacja pracownik\u00f3w - Rekrutacja pracownik\u00f3w z Ukrainy jest dominuj\u0105cym zakresem dzia\u0142alno\u015bci naszej firmy - Szybko!\" \/>\n<meta name=\"robots\" content=\"index, follow, max-snippet:-1, max-image-preview:large, max-video-preview:-1\" \/>\n<link rel=\"canonical\" href=\"https:\/\/hirelabas.lt\/pl\/wspolpraca\/\" \/>\n<meta property=\"og:locale\" content=\"pl_PL\" \/>\n<meta property=\"og:type\" content=\"article\" \/>\n<meta property=\"og:title\" content=\"Wsp\u00f3\u0142praca\" \/>\n<meta property=\"og:description\" content=\"Wynajem pracownik\u00f3w z Ukrainy | Rekrutacja pracownik\u00f3w - Rekrutacja pracownik\u00f3w z Ukrainy jest dominuj\u0105cym zakresem dzia\u0142alno\u015bci naszej firmy - Szybko!\" \/>\n<meta property=\"og:url\" content=\"https:\/\/hirelabas.lt\/pl\/wspolpraca\/\" \/>\n<meta property=\"og:site_name\" content=\"Og\u0142oszenia o prac\u0119 | D\u0142ugoterminowa i kr\u00f3tkoterminowa praca za granic\u0105 | HireLabas\" \/>\n<meta property=\"article:modified_time\" content=\"2023-03-23T21:59:53+00:00\" \/>\n<meta property=\"og:image\" content=\"https:\/\/hirelabas.lt\/wp-content\/uploads\/2021\/10\/hirelabas-group.png\" \/>\n\t<meta property=\"og:image:width\" content=\"600\" \/>\n\t<meta property=\"og:image:height\" content=\"500\" \/>\n\t<meta property=\"og:image:type\" content=\"image\/png\" \/>\n<meta name=\"twitter:card\" content=\"summary_large_image\" \/>\n<meta name=\"twitter:label1\" content=\"Szacowany czas czytania\" \/>\n\t<meta name=\"twitter:data1\" content=\"1 minuta\" \/>\n<script type=\"application\/ld+json\" class=\"yoast-schema-graph\">{\"@context\":\"https:\\\/\\\/schema.org\",\"@graph\":[{\"@type\":\"WebPage\",\"@id\":\"https:\\\/\\\/hirelabas.lt\\\/pl\\\/wspolpraca\\\/\",\"url\":\"https:\\\/\\\/hirelabas.lt\\\/pl\\\/wspolpraca\\\/\",\"name\":\"Wynajem pracownik\u00f3w z Ukrainy | Rekrutacja pracownik\u00f3w - HireLabas\",\"isPartOf\":{\"@id\":\"https:\\\/\\\/hirelabas.lt\\\/#website\"},\"datePublished\":\"2021-06-28T19:56:30+00:00\",\"dateModified\":\"2023-03-23T21:59:53+00:00\",\"description\":\"Wynajem pracownik\u00f3w z Ukrainy | Rekrutacja pracownik\u00f3w - Rekrutacja pracownik\u00f3w z Ukrainy jest dominuj\u0105cym zakresem dzia\u0142alno\u015bci naszej firmy - Szybko!\",\"breadcrumb\":{\"@id\":\"https:\\\/\\\/hirelabas.lt\\\/pl\\\/wspolpraca\\\/#breadcrumb\"},\"inLanguage\":\"pl-PL\",\"potentialAction\":[{\"@type\":\"ReadAction\",\"target\":[\"https:\\\/\\\/hirelabas.lt\\\/pl\\\/wspolpraca\\\/\"]}]},{\"@type\":\"BreadcrumbList\",\"@id\":\"https:\\\/\\\/hirelabas.lt\\\/pl\\\/wspolpraca\\\/#breadcrumb\",\"itemListElement\":[{\"@type\":\"ListItem\",\"position\":1,\"name\":\"Home\",\"item\":\"https:\\\/\\\/hirelabas.lt\\\/pl\\\/\"},{\"@type\":\"ListItem\",\"position\":2,\"name\":\"Wsp\u00f3\u0142praca\"}]},{\"@type\":\"WebSite\",\"@id\":\"https:\\\/\\\/hirelabas.lt\\\/#website\",\"url\":\"https:\\\/\\\/hirelabas.lt\\\/\",\"name\":\"Og\u0142oszenia o prac\u0119 | D\u0142ugoterminowa i kr\u00f3tkoterminowa praca za granic\u0105 | HireLabas\",\"description\":\"\",\"publisher\":{\"@id\":\"https:\\\/\\\/hirelabas.lt\\\/#organization\"},\"potentialAction\":[{\"@type\":\"SearchAction\",\"target\":{\"@type\":\"EntryPoint\",\"urlTemplate\":\"https:\\\/\\\/hirelabas.lt\\\/?s={search_term_string}\"},\"query-input\":{\"@type\":\"PropertyValueSpecification\",\"valueRequired\":true,\"valueName\":\"search_term_string\"}}],\"inLanguage\":\"pl-PL\"},{\"@type\":\"Organization\",\"@id\":\"https:\\\/\\\/hirelabas.lt\\\/#organization\",\"name\":\"Og\u0142oszenia o prac\u0119 | D\u0142ugoterminowa i kr\u00f3tkoterminowa praca za granic\u0105 | HireLabas\",\"url\":\"https:\\\/\\\/hirelabas.lt\\\/\",\"logo\":{\"@type\":\"ImageObject\",\"inLanguage\":\"pl-PL\",\"@id\":\"https:\\\/\\\/hirelabas.lt\\\/#\\\/schema\\\/logo\\\/image\\\/\",\"url\":\"https:\\\/\\\/hirelabas.lt\\\/wp-content\\\/uploads\\\/2021\\\/05\\\/hirelabas-grupe-lt-300x203-1.png\",\"contentUrl\":\"https:\\\/\\\/hirelabas.lt\\\/wp-content\\\/uploads\\\/2021\\\/05\\\/hirelabas-grupe-lt-300x203-1.png\",\"width\":300,\"height\":203,\"caption\":\"Og\u0142oszenia o prac\u0119 | D\u0142ugoterminowa i kr\u00f3tkoterminowa praca za granic\u0105 | HireLabas\"},\"image\":{\"@id\":\"https:\\\/\\\/hirelabas.lt\\\/#\\\/schema\\\/logo\\\/image\\\/\"}}]}<\/script>\n<!-- \/ Yoast SEO Premium plugin. -->","yoast_head_json":{"title":"Wynajem pracownik\u00f3w z Ukrainy | Rekrutacja pracownik\u00f3w - HireLabas","description":"Wynajem pracownik\u00f3w z Ukrainy | Rekrutacja pracownik\u00f3w - Rekrutacja pracownik\u00f3w z Ukrainy jest dominuj\u0105cym zakresem dzia\u0142alno\u015bci naszej firmy - Szybko!","robots":{"index":"index","follow":"follow","max-snippet":"max-snippet:-1","max-image-preview":"max-image-preview:large","max-video-preview":"max-video-preview:-1"},"canonical":"https:\/\/hirelabas.lt\/pl\/wspolpraca\/","og_locale":"pl_PL","og_type":"article","og_title":"Wsp\u00f3\u0142praca","og_description":"Wynajem pracownik\u00f3w z Ukrainy | Rekrutacja pracownik\u00f3w - Rekrutacja pracownik\u00f3w z Ukrainy jest dominuj\u0105cym zakresem dzia\u0142alno\u015bci naszej firmy - Szybko!","og_url":"https:\/\/hirelabas.lt\/pl\/wspolpraca\/","og_site_name":"Og\u0142oszenia o prac\u0119 | D\u0142ugoterminowa i kr\u00f3tkoterminowa praca za granic\u0105 | HireLabas","article_modified_time":"2023-03-23T21:59:53+00:00","og_image":[{"width":600,"height":500,"url":"https:\/\/hirelabas.lt\/wp-content\/uploads\/2021\/10\/hirelabas-group.png","type":"image\/png"}],"twitter_card":"summary_large_image","twitter_misc":{"Szacowany czas czytania":"1 minuta"},"schema":{"@context":"https:\/\/schema.org","@graph":[{"@type":"WebPage","@id":"https:\/\/hirelabas.lt\/pl\/wspolpraca\/","url":"https:\/\/hirelabas.lt\/pl\/wspolpraca\/","name":"Wynajem pracownik\u00f3w z Ukrainy | Rekrutacja pracownik\u00f3w - HireLabas","isPartOf":{"@id":"https:\/\/hirelabas.lt\/#website"},"datePublished":"2021-06-28T19:56:30+00:00","dateModified":"2023-03-23T21:59:53+00:00","description":"Wynajem pracownik\u00f3w z Ukrainy | Rekrutacja pracownik\u00f3w - Rekrutacja pracownik\u00f3w z Ukrainy jest dominuj\u0105cym zakresem dzia\u0142alno\u015bci naszej firmy - Szybko!","breadcrumb":{"@id":"https:\/\/hirelabas.lt\/pl\/wspolpraca\/#breadcrumb"},"inLanguage":"pl-PL","potentialAction":[{"@type":"ReadAction","target":["https:\/\/hirelabas.lt\/pl\/wspolpraca\/"]}]},{"@type":"BreadcrumbList","@id":"https:\/\/hirelabas.lt\/pl\/wspolpraca\/#breadcrumb","itemListElement":[{"@type":"ListItem","position":1,"name":"Home","item":"https:\/\/hirelabas.lt\/pl\/"},{"@type":"ListItem","position":2,"name":"Wsp\u00f3\u0142praca"}]},{"@type":"WebSite","@id":"https:\/\/hirelabas.lt\/#website","url":"https:\/\/hirelabas.lt\/","name":"Og\u0142oszenia o prac\u0119 | D\u0142ugoterminowa i kr\u00f3tkoterminowa praca za granic\u0105 | HireLabas","description":"","publisher":{"@id":"https:\/\/hirelabas.lt\/#organization"},"potentialAction":[{"@type":"SearchAction","target":{"@type":"EntryPoint","urlTemplate":"https:\/\/hirelabas.lt\/?s={search_term_string}"},"query-input":{"@type":"PropertyValueSpecification","valueRequired":true,"valueName":"search_term_string"}}],"inLanguage":"pl-PL"},{"@type":"Organization","@id":"https:\/\/hirelabas.lt\/#organization","name":"Og\u0142oszenia o prac\u0119 | D\u0142ugoterminowa i kr\u00f3tkoterminowa praca za granic\u0105 | HireLabas","url":"https:\/\/hirelabas.lt\/","logo":{"@type":"ImageObject","inLanguage":"pl-PL","@id":"https:\/\/hirelabas.lt\/#\/schema\/logo\/image\/","url":"https:\/\/hirelabas.lt\/wp-content\/uploads\/2021\/05\/hirelabas-grupe-lt-300x203-1.png","contentUrl":"https:\/\/hirelabas.lt\/wp-content\/uploads\/2021\/05\/hirelabas-grupe-lt-300x203-1.png","width":300,"height":203,"caption":"Og\u0142oszenia o prac\u0119 | D\u0142ugoterminowa i kr\u00f3tkoterminowa praca za granic\u0105 | HireLabas"},"image":{"@id":"https:\/\/hirelabas.lt\/#\/schema\/logo\/image\/"}}]}},"_links":{"self":[{"href":"https:\/\/hirelabas.lt\/pl\/wp-json\/wp\/v2\/pages\/42792","targetHints":{"allow":["GET"]}}],"collection":[{"href":"https:\/\/hirelabas.lt\/pl\/wp-json\/wp\/v2\/pages"}],"about":[{"href":"https:\/\/hirelabas.lt\/pl\/wp-json\/wp\/v2\/types\/page"}],"author":[{"embeddable":true,"href":"https:\/\/hirelabas.lt\/pl\/wp-json\/wp\/v2\/users\/1"}],"replies":[{"embeddable":true,"href":"https:\/\/hirelabas.lt\/pl\/wp-json\/wp\/v2\/comments?post=42792"}],"version-history":[{"count":2,"href":"https:\/\/hirelabas.lt\/pl\/wp-json\/wp\/v2\/pages\/42792\/revisions"}],"predecessor-version":[{"id":48099,"href":"https:\/\/hirelabas.lt\/pl\/wp-json\/wp\/v2\/pages\/42792\/revisions\/48099"}],"wp:attachment":[{"href":"https:\/\/hirelabas.lt\/pl\/wp-json\/wp\/v2\/media?parent=42792"}],"curies":[{"name":"wp","href":"https:\/\/api.w.org\/{rel}","templated":true}]}}